{"id":461,"date":"2024-11-15T15:35:14","date_gmt":"2024-11-15T13:35:14","guid":{"rendered":"https:\/\/www.silmasaatio.fi\/lahjoita-silmatutkimukseen\/"},"modified":"2024-11-22T09:06:30","modified_gmt":"2024-11-22T07:06:30","slug":"donera-till-ogonforskning","status":"publish","type":"page","link":"https:\/\/www.silmasaatio.fi\/sv\/donera-till-ogonforskning\/","title":{"rendered":"Donera till \u00f6gonforskning"},"content":{"rendered":"<h1>St\u00f6d finsk \u00f6gonforskning<\/h1>\n<p>Silm\u00e4s\u00e4\u00e4ti\u00f6 st\u00f6der och fr\u00e4mjar vetenskaplig forskning i \u00f6gonsjukdomar, \u00f6gonskador och \u00f6gonfel i v\u00e5rt land.<\/p>\n<p>Forskning i \u00f6gonsjukdomar och s\u00f6kandet efter botemedel g\u00f6rs med hj\u00e4lp av medel som donerats till forskning \u2013 Silm\u00e4s\u00e4\u00e4ti\u00f6 \u00e4r tacksam f\u00f6r donationer och testamenten.<\/p>\n<p>I anslutning till stiftelsen kan\u00a0<strong>en fond som uppkallas efter den som ger en donation grundas, om donationen \u00e4r minst 50 000 euro<\/strong>.<\/p>\n<p>Silm\u00e4s\u00e4\u00e4ti\u00f6 \u00e4r en stiftelse utn\u00e4mnd av Skattestyrelsen vars penningsdonationer \u00e4r avdragsgilla\u00a0<a class=\"bold-link\" href=\"https:\/\/www.vero.fi\/sv\/Detaljerade_skatteanvisningar\/anvisningar\/48721\/donationsavdrag-i-samfundsbeskattningen\/\" target=\"_blank\" rel=\"noopener noreferrer\">i beskattningen\u00a0<\/a>\u00a0i ett annat samfund d\u00e5 donationen \u00e4r minst 850 euro och h\u00f6gst 50 000 euro.<\/p>\n<p>Silm\u00e4s\u00e4\u00e4ti\u00f6s ombud Roy Siljam\u00e4ki ger g\u00e4rna till\u00e4ggsuppgifter f\u00f6r donationer och testamenten. Hans telefonnummer \u00e4r\u00a0<a class=\"bold-link\" href=\"tel:+358407703337\">040 770 3337<\/a>\u00a0och e-postadressen \u00e4r\u00a0<a class=\"bold-link\" href=\"mailto:asiamies@silmasaatio.fi\">asiamies@silmasaatio.fi<\/a><\/p>\n<p>Sidan\u00a0<a class=\"bold-link\" href=\"https:\/\/www.xn--silmsti-8waba4r.fi\/sv\/forskning-och-projekt\/pagaende-forskningar\/\" target=\"_blank\" rel=\"noopener\">p\u00e5g\u00e5ende forskningar\u00a0<\/a>ger mer information om forskningsprojekt som finansieras av stiftelsen.<\/p>\n","protected":false},"excerpt":{"rendered":"<p>St\u00f6d finsk \u00f6gonforskning Silm\u00e4s\u00e4\u00e4ti\u00f6 st\u00f6der och fr\u00e4mjar vetenskaplig forskning i \u00f6gonsjukdomar, \u00f6gonskador och \u00f6gonfel i v\u00e5rt land. Forskning i \u00f6gonsjukdomar och s\u00f6kandet efter botemedel g\u00f6rs&#8230;<\/p>\n","protected":false},"author":1,"featured_media":0,"parent":0,"menu_order":0,"comment_status":"closed","ping_status":"closed","template":"","meta":{"footnotes":""},"class_list":["post-461","page","type-page","status-publish","hentry"],"yoast_head":"<!-- This site is optimized with the Yoast SEO plugin v27.5 - https:\/\/yoast.com\/product\/yoast-seo-wordpress\/ -->\n<title>Donera till \u00f6gonforskning - Silm\u00e4s\u00e4\u00e4ti\u00f6<\/title>\n<meta name=\"robots\" content=\"index, follow, max-snippet:-1, max-image-preview:large, max-video-preview:-1\" \/>\n<link rel=\"canonical\" href=\"https:\/\/www.silmasaatio.fi\/sv\/donera-till-ogonforskning\/\" \/>\n<meta property=\"og:locale\" content=\"sv_SE\" \/>\n<meta property=\"og:type\" content=\"article\" \/>\n<meta property=\"og:title\" content=\"Donera till \u00f6gonforskning - Silm\u00e4s\u00e4\u00e4ti\u00f6\" \/>\n<meta property=\"og:description\" content=\"St\u00f6d finsk \u00f6gonforskning Silm\u00e4s\u00e4\u00e4ti\u00f6 st\u00f6der och fr\u00e4mjar vetenskaplig forskning i \u00f6gonsjukdomar, \u00f6gonskador och \u00f6gonfel i v\u00e5rt land. Forskning i \u00f6gonsjukdomar och s\u00f6kandet efter botemedel g\u00f6rs...\" \/>\n<meta property=\"og:url\" content=\"https:\/\/www.silmasaatio.fi\/sv\/donera-till-ogonforskning\/\" \/>\n<meta property=\"og:site_name\" content=\"Silm\u00e4s\u00e4\u00e4ti\u00f6\" \/>\n<meta property=\"article:modified_time\" content=\"2024-11-22T07:06:30+00:00\" \/>\n<meta property=\"og:image\" content=\"https:\/\/www.silmasaatio.fi\/wpc\/uploads\/2024\/11\/Some-FB-1200x630px.png\" \/>\n\t<meta property=\"og:image:width\" content=\"1200\" \/>\n\t<meta property=\"og:image:height\" content=\"630\" \/>\n\t<meta property=\"og:image:type\" content=\"image\/png\" \/>\n<meta name=\"twitter:card\" content=\"summary_large_image\" \/>\n<meta name=\"twitter:label1\" content=\"Est. reading time\" \/>\n\t<meta name=\"twitter:data1\" content=\"1 minute\" \/>\n<script type=\"application\/ld+json\" class=\"yoast-schema-graph\">{\"@context\":\"https:\\\/\\\/schema.org\",\"@graph\":[{\"@type\":\"WebPage\",\"@id\":\"https:\\\/\\\/www.silmasaatio.fi\\\/sv\\\/donera-till-ogonforskning\\\/\",\"url\":\"https:\\\/\\\/www.silmasaatio.fi\\\/sv\\\/donera-till-ogonforskning\\\/\",\"name\":\"Donera till \u00f6gonforskning - Silm\u00e4s\u00e4\u00e4ti\u00f6\",\"isPartOf\":{\"@id\":\"https:\\\/\\\/www.silmasaatio.fi\\\/sv\\\/#website\"},\"datePublished\":\"2024-11-15T13:35:14+00:00\",\"dateModified\":\"2024-11-22T07:06:30+00:00\",\"breadcrumb\":{\"@id\":\"https:\\\/\\\/www.silmasaatio.fi\\\/sv\\\/donera-till-ogonforskning\\\/#breadcrumb\"},\"inLanguage\":\"sv-SE\",\"potentialAction\":[{\"@type\":\"ReadAction\",\"target\":[\"https:\\\/\\\/www.silmasaatio.fi\\\/sv\\\/donera-till-ogonforskning\\\/\"]}]},{\"@type\":\"BreadcrumbList\",\"@id\":\"https:\\\/\\\/www.silmasaatio.fi\\\/sv\\\/donera-till-ogonforskning\\\/#breadcrumb\",\"itemListElement\":[{\"@type\":\"ListItem\",\"position\":1,\"name\":\"Etusivu\",\"item\":\"https:\\\/\\\/www.silmasaatio.fi\\\/sv\\\/\"},{\"@type\":\"ListItem\",\"position\":2,\"name\":\"Donera till \u00f6gonforskning\"}]},{\"@type\":\"WebSite\",\"@id\":\"https:\\\/\\\/www.silmasaatio.fi\\\/sv\\\/#website\",\"url\":\"https:\\\/\\\/www.silmasaatio.fi\\\/sv\\\/\",\"name\":\"Silm\u00e4s\u00e4\u00e4ti\u00f6\",\"description\":\"Edist\u00e4mme ja tuemme silmien terveyteen liittyv\u00e4\u00e4 tieteellist\u00e4 tutkimusta\",\"publisher\":{\"@id\":\"https:\\\/\\\/www.silmasaatio.fi\\\/sv\\\/#organization\"},\"potentialAction\":[{\"@type\":\"SearchAction\",\"target\":{\"@type\":\"EntryPoint\",\"urlTemplate\":\"https:\\\/\\\/www.silmasaatio.fi\\\/sv\\\/?s={search_term_string}\"},\"query-input\":{\"@type\":\"PropertyValueSpecification\",\"valueRequired\":true,\"valueName\":\"search_term_string\"}}],\"inLanguage\":\"sv-SE\"},{\"@type\":\"Organization\",\"@id\":\"https:\\\/\\\/www.silmasaatio.fi\\\/sv\\\/#organization\",\"name\":\"Silm\u00e4s\u00e4\u00e4ti\u00f6\",\"url\":\"https:\\\/\\\/www.silmasaatio.fi\\\/sv\\\/\",\"logo\":{\"@type\":\"ImageObject\",\"inLanguage\":\"sv-SE\",\"@id\":\"https:\\\/\\\/www.silmasaatio.fi\\\/sv\\\/#\\\/schema\\\/logo\\\/image\\\/\",\"url\":\"https:\\\/\\\/www.silmasaatio.fi\\\/wpc\\\/uploads\\\/2024\\\/11\\\/favicon.png\",\"contentUrl\":\"https:\\\/\\\/www.silmasaatio.fi\\\/wpc\\\/uploads\\\/2024\\\/11\\\/favicon.png\",\"width\":512,\"height\":512,\"caption\":\"Silm\u00e4s\u00e4\u00e4ti\u00f6\"},\"image\":{\"@id\":\"https:\\\/\\\/www.silmasaatio.fi\\\/sv\\\/#\\\/schema\\\/logo\\\/image\\\/\"}}]}<\/script>\n<!-- \/ Yoast SEO plugin. -->","yoast_head_json":{"title":"Donera till \u00f6gonforskning - Silm\u00e4s\u00e4\u00e4ti\u00f6","robots":{"index":"index","follow":"follow","max-snippet":"max-snippet:-1","max-image-preview":"max-image-preview:large","max-video-preview":"max-video-preview:-1"},"canonical":"https:\/\/www.silmasaatio.fi\/sv\/donera-till-ogonforskning\/","og_locale":"sv_SE","og_type":"article","og_title":"Donera till \u00f6gonforskning - Silm\u00e4s\u00e4\u00e4ti\u00f6","og_description":"St\u00f6d finsk \u00f6gonforskning Silm\u00e4s\u00e4\u00e4ti\u00f6 st\u00f6der och fr\u00e4mjar vetenskaplig forskning i \u00f6gonsjukdomar, \u00f6gonskador och \u00f6gonfel i v\u00e5rt land. Forskning i \u00f6gonsjukdomar och s\u00f6kandet efter botemedel g\u00f6rs...","og_url":"https:\/\/www.silmasaatio.fi\/sv\/donera-till-ogonforskning\/","og_site_name":"Silm\u00e4s\u00e4\u00e4ti\u00f6","article_modified_time":"2024-11-22T07:06:30+00:00","og_image":[{"width":1200,"height":630,"url":"https:\/\/www.silmasaatio.fi\/wpc\/uploads\/2024\/11\/Some-FB-1200x630px.png","type":"image\/png"}],"twitter_card":"summary_large_image","twitter_misc":{"Est. reading time":"1 minute"},"schema":{"@context":"https:\/\/schema.org","@graph":[{"@type":"WebPage","@id":"https:\/\/www.silmasaatio.fi\/sv\/donera-till-ogonforskning\/","url":"https:\/\/www.silmasaatio.fi\/sv\/donera-till-ogonforskning\/","name":"Donera till \u00f6gonforskning - Silm\u00e4s\u00e4\u00e4ti\u00f6","isPartOf":{"@id":"https:\/\/www.silmasaatio.fi\/sv\/#website"},"datePublished":"2024-11-15T13:35:14+00:00","dateModified":"2024-11-22T07:06:30+00:00","breadcrumb":{"@id":"https:\/\/www.silmasaatio.fi\/sv\/donera-till-ogonforskning\/#breadcrumb"},"inLanguage":"sv-SE","potentialAction":[{"@type":"ReadAction","target":["https:\/\/www.silmasaatio.fi\/sv\/donera-till-ogonforskning\/"]}]},{"@type":"BreadcrumbList","@id":"https:\/\/www.silmasaatio.fi\/sv\/donera-till-ogonforskning\/#breadcrumb","itemListElement":[{"@type":"ListItem","position":1,"name":"Etusivu","item":"https:\/\/www.silmasaatio.fi\/sv\/"},{"@type":"ListItem","position":2,"name":"Donera till \u00f6gonforskning"}]},{"@type":"WebSite","@id":"https:\/\/www.silmasaatio.fi\/sv\/#website","url":"https:\/\/www.silmasaatio.fi\/sv\/","name":"Silm\u00e4s\u00e4\u00e4ti\u00f6","description":"Edist\u00e4mme ja tuemme silmien terveyteen liittyv\u00e4\u00e4 tieteellist\u00e4 tutkimusta","publisher":{"@id":"https:\/\/www.silmasaatio.fi\/sv\/#organization"},"potentialAction":[{"@type":"SearchAction","target":{"@type":"EntryPoint","urlTemplate":"https:\/\/www.silmasaatio.fi\/sv\/?s={search_term_string}"},"query-input":{"@type":"PropertyValueSpecification","valueRequired":true,"valueName":"search_term_string"}}],"inLanguage":"sv-SE"},{"@type":"Organization","@id":"https:\/\/www.silmasaatio.fi\/sv\/#organization","name":"Silm\u00e4s\u00e4\u00e4ti\u00f6","url":"https:\/\/www.silmasaatio.fi\/sv\/","logo":{"@type":"ImageObject","inLanguage":"sv-SE","@id":"https:\/\/www.silmasaatio.fi\/sv\/#\/schema\/logo\/image\/","url":"https:\/\/www.silmasaatio.fi\/wpc\/uploads\/2024\/11\/favicon.png","contentUrl":"https:\/\/www.silmasaatio.fi\/wpc\/uploads\/2024\/11\/favicon.png","width":512,"height":512,"caption":"Silm\u00e4s\u00e4\u00e4ti\u00f6"},"image":{"@id":"https:\/\/www.silmasaatio.fi\/sv\/#\/schema\/logo\/image\/"}}]}},"_links":{"self":[{"href":"https:\/\/www.silmasaatio.fi\/sv\/wp-json\/wp\/v2\/pages\/461","targetHints":{"allow":["GET"]}}],"collection":[{"href":"https:\/\/www.silmasaatio.fi\/sv\/wp-json\/wp\/v2\/pages"}],"about":[{"href":"https:\/\/www.silmasaatio.fi\/sv\/wp-json\/wp\/v2\/types\/page"}],"author":[{"embeddable":true,"href":"https:\/\/www.silmasaatio.fi\/sv\/wp-json\/wp\/v2\/users\/1"}],"replies":[{"embeddable":true,"href":"https:\/\/www.silmasaatio.fi\/sv\/wp-json\/wp\/v2\/comments?post=461"}],"version-history":[{"count":0,"href":"https:\/\/www.silmasaatio.fi\/sv\/wp-json\/wp\/v2\/pages\/461\/revisions"}],"wp:attachment":[{"href":"https:\/\/www.silmasaatio.fi\/sv\/wp-json\/wp\/v2\/media?parent=461"}],"curies":[{"name":"wp","href":"https:\/\/api.w.org\/{rel}","templated":true}]}}