{"id":467,"date":"2024-11-19T12:51:35","date_gmt":"2024-11-19T10:51:35","guid":{"rendered":"https:\/\/www.silmasaatio.fi\/donera-till-ogonforskning\/lasten-ja-nuorten-silmasairaudet\/"},"modified":"2024-11-22T09:09:32","modified_gmt":"2024-11-22T07:09:32","slug":"barn-och-ungas-ogonsjukdomar","status":"publish","type":"page","link":"https:\/\/www.silmasaatio.fi\/sv\/donera-till-ogonforskning\/barn-och-ungas-ogonsjukdomar\/","title":{"rendered":"Barn och ungas \u00f6gonsjukdomar"},"content":{"rendered":"<h1 class=\"h1\">Barn och ungas \u00f6gonsjukdomar<\/h1>\n<p>Barn och unga med en \u00f6gonsjukdom har oftast insjuknat fr\u00e5n f\u00f6dseln. Dessa kan lida av t.ex. utvecklingsst\u00f6rningar i \u00f6gat eller fel i synorganets nervsystem. H\u00e4lften av barn och unga med en diagnos lider av dessa. F\u00f6r vuxna \u00e4r f\u00f6rh\u00e5llandet en tredjedel. Ofta saknas botemedlen f\u00f6r dessa \u00f6gonsjukdomar. \u00d6gonforskare arbetar med att finna ny medicinsk praxis f\u00f6r att minska p\u00e5 symptomen. F\u00f6r tillf\u00e4llet f\u00f6rs\u00f6ker forskarna hitta nya metoder f\u00f6r att hj\u00e4lpa prematurt f\u00f6dda barn som lider av fel i \u00f6gonen och funktionella sv\u00e5righeter orsakade av skelning.<\/p>\n","protected":false},"excerpt":{"rendered":"<p>Barn och ungas \u00f6gonsjukdomar Barn och unga med en \u00f6gonsjukdom har oftast insjuknat fr\u00e5n f\u00f6dseln. Dessa kan lida av t.ex. utvecklingsst\u00f6rningar i \u00f6gat eller fel&#8230;<\/p>\n","protected":false},"author":1,"featured_media":0,"parent":461,"menu_order":0,"comment_status":"closed","ping_status":"closed","template":"page-templates\/donation.php","meta":{"footnotes":""},"class_list":["post-467","page","type-page","status-publish","hentry"],"yoast_head":"<!-- This site is optimized with the Yoast SEO plugin v27.2 - https:\/\/yoast.com\/product\/yoast-seo-wordpress\/ -->\n<title>Barn och ungas \u00f6gonsjukdomar - Silm\u00e4s\u00e4\u00e4ti\u00f6<\/title>\n<meta name=\"robots\" content=\"index, follow, max-snippet:-1, max-image-preview:large, max-video-preview:-1\" \/>\n<link rel=\"canonical\" href=\"https:\/\/www.silmasaatio.fi\/sv\/donera-till-ogonforskning\/barn-och-ungas-ogonsjukdomar\/\" \/>\n<meta property=\"og:locale\" content=\"sv_SE\" \/>\n<meta property=\"og:type\" content=\"article\" \/>\n<meta property=\"og:title\" content=\"Barn och ungas \u00f6gonsjukdomar - Silm\u00e4s\u00e4\u00e4ti\u00f6\" \/>\n<meta property=\"og:description\" content=\"Barn och ungas \u00f6gonsjukdomar Barn och unga med en \u00f6gonsjukdom har oftast insjuknat fr\u00e5n f\u00f6dseln. Dessa kan lida av t.ex. utvecklingsst\u00f6rningar i \u00f6gat eller fel...\" \/>\n<meta property=\"og:url\" content=\"https:\/\/www.silmasaatio.fi\/sv\/donera-till-ogonforskning\/barn-och-ungas-ogonsjukdomar\/\" \/>\n<meta property=\"og:site_name\" content=\"Silm\u00e4s\u00e4\u00e4ti\u00f6\" \/>\n<meta property=\"article:modified_time\" content=\"2024-11-22T07:09:32+00:00\" \/>\n<meta property=\"og:image\" content=\"https:\/\/www.silmasaatio.fi\/wpc\/uploads\/2024\/11\/Some-FB-1200x630px.png\" \/>\n\t<meta property=\"og:image:width\" content=\"1200\" \/>\n\t<meta property=\"og:image:height\" content=\"630\" \/>\n\t<meta property=\"og:image:type\" content=\"image\/png\" \/>\n<meta name=\"twitter:card\" content=\"summary_large_image\" \/>\n<meta name=\"twitter:label1\" content=\"Est. reading time\" \/>\n\t<meta name=\"twitter:data1\" content=\"1 minute\" \/>\n<script type=\"application\/ld+json\" class=\"yoast-schema-graph\">{\"@context\":\"https:\/\/schema.org\",\"@graph\":[{\"@type\":\"WebPage\",\"@id\":\"https:\/\/www.silmasaatio.fi\/sv\/donera-till-ogonforskning\/barn-och-ungas-ogonsjukdomar\/\",\"url\":\"https:\/\/www.silmasaatio.fi\/sv\/donera-till-ogonforskning\/barn-och-ungas-ogonsjukdomar\/\",\"name\":\"Barn och ungas \u00f6gonsjukdomar - Silm\u00e4s\u00e4\u00e4ti\u00f6\",\"isPartOf\":{\"@id\":\"https:\/\/www.silmasaatio.fi\/sv\/#website\"},\"datePublished\":\"2024-11-19T10:51:35+00:00\",\"dateModified\":\"2024-11-22T07:09:32+00:00\",\"breadcrumb\":{\"@id\":\"https:\/\/www.silmasaatio.fi\/sv\/donera-till-ogonforskning\/barn-och-ungas-ogonsjukdomar\/#breadcrumb\"},\"inLanguage\":\"sv-SE\",\"potentialAction\":[{\"@type\":\"ReadAction\",\"target\":[\"https:\/\/www.silmasaatio.fi\/sv\/donera-till-ogonforskning\/barn-och-ungas-ogonsjukdomar\/\"]}]},{\"@type\":\"BreadcrumbList\",\"@id\":\"https:\/\/www.silmasaatio.fi\/sv\/donera-till-ogonforskning\/barn-och-ungas-ogonsjukdomar\/#breadcrumb\",\"itemListElement\":[{\"@type\":\"ListItem\",\"position\":1,\"name\":\"Etusivu\",\"item\":\"https:\/\/www.silmasaatio.fi\/sv\/\"},{\"@type\":\"ListItem\",\"position\":2,\"name\":\"Donera till \u00f6gonforskning\",\"item\":\"https:\/\/www.silmasaatio.fi\/sv\/lahjoita-silmatutkimukseen\/\"},{\"@type\":\"ListItem\",\"position\":3,\"name\":\"Barn och ungas \u00f6gonsjukdomar\"}]},{\"@type\":\"WebSite\",\"@id\":\"https:\/\/www.silmasaatio.fi\/sv\/#website\",\"url\":\"https:\/\/www.silmasaatio.fi\/sv\/\",\"name\":\"Silm\u00e4s\u00e4\u00e4ti\u00f6\",\"description\":\"Edist\u00e4mme ja tuemme silmien terveyteen liittyv\u00e4\u00e4 tieteellist\u00e4 tutkimusta\",\"publisher\":{\"@id\":\"https:\/\/www.silmasaatio.fi\/sv\/#organization\"},\"potentialAction\":[{\"@type\":\"SearchAction\",\"target\":{\"@type\":\"EntryPoint\",\"urlTemplate\":\"https:\/\/www.silmasaatio.fi\/sv\/?s={search_term_string}\"},\"query-input\":{\"@type\":\"PropertyValueSpecification\",\"valueRequired\":true,\"valueName\":\"search_term_string\"}}],\"inLanguage\":\"sv-SE\"},{\"@type\":\"Organization\",\"@id\":\"https:\/\/www.silmasaatio.fi\/sv\/#organization\",\"name\":\"Silm\u00e4s\u00e4\u00e4ti\u00f6\",\"url\":\"https:\/\/www.silmasaatio.fi\/sv\/\",\"logo\":{\"@type\":\"ImageObject\",\"inLanguage\":\"sv-SE\",\"@id\":\"https:\/\/www.silmasaatio.fi\/sv\/#\/schema\/logo\/image\/\",\"url\":\"https:\/\/www.silmasaatio.fi\/wpc\/uploads\/2024\/11\/favicon.png\",\"contentUrl\":\"https:\/\/www.silmasaatio.fi\/wpc\/uploads\/2024\/11\/favicon.png\",\"width\":512,\"height\":512,\"caption\":\"Silm\u00e4s\u00e4\u00e4ti\u00f6\"},\"image\":{\"@id\":\"https:\/\/www.silmasaatio.fi\/sv\/#\/schema\/logo\/image\/\"}}]}<\/script>\n<!-- \/ Yoast SEO plugin. -->","yoast_head_json":{"title":"Barn och ungas \u00f6gonsjukdomar - Silm\u00e4s\u00e4\u00e4ti\u00f6","robots":{"index":"index","follow":"follow","max-snippet":"max-snippet:-1","max-image-preview":"max-image-preview:large","max-video-preview":"max-video-preview:-1"},"canonical":"https:\/\/www.silmasaatio.fi\/sv\/donera-till-ogonforskning\/barn-och-ungas-ogonsjukdomar\/","og_locale":"sv_SE","og_type":"article","og_title":"Barn och ungas \u00f6gonsjukdomar - Silm\u00e4s\u00e4\u00e4ti\u00f6","og_description":"Barn och ungas \u00f6gonsjukdomar Barn och unga med en \u00f6gonsjukdom har oftast insjuknat fr\u00e5n f\u00f6dseln. Dessa kan lida av t.ex. utvecklingsst\u00f6rningar i \u00f6gat eller fel...","og_url":"https:\/\/www.silmasaatio.fi\/sv\/donera-till-ogonforskning\/barn-och-ungas-ogonsjukdomar\/","og_site_name":"Silm\u00e4s\u00e4\u00e4ti\u00f6","article_modified_time":"2024-11-22T07:09:32+00:00","og_image":[{"width":1200,"height":630,"url":"https:\/\/www.silmasaatio.fi\/wpc\/uploads\/2024\/11\/Some-FB-1200x630px.png","type":"image\/png"}],"twitter_card":"summary_large_image","twitter_misc":{"Est. reading time":"1 minute"},"schema":{"@context":"https:\/\/schema.org","@graph":[{"@type":"WebPage","@id":"https:\/\/www.silmasaatio.fi\/sv\/donera-till-ogonforskning\/barn-och-ungas-ogonsjukdomar\/","url":"https:\/\/www.silmasaatio.fi\/sv\/donera-till-ogonforskning\/barn-och-ungas-ogonsjukdomar\/","name":"Barn och ungas \u00f6gonsjukdomar - Silm\u00e4s\u00e4\u00e4ti\u00f6","isPartOf":{"@id":"https:\/\/www.silmasaatio.fi\/sv\/#website"},"datePublished":"2024-11-19T10:51:35+00:00","dateModified":"2024-11-22T07:09:32+00:00","breadcrumb":{"@id":"https:\/\/www.silmasaatio.fi\/sv\/donera-till-ogonforskning\/barn-och-ungas-ogonsjukdomar\/#breadcrumb"},"inLanguage":"sv-SE","potentialAction":[{"@type":"ReadAction","target":["https:\/\/www.silmasaatio.fi\/sv\/donera-till-ogonforskning\/barn-och-ungas-ogonsjukdomar\/"]}]},{"@type":"BreadcrumbList","@id":"https:\/\/www.silmasaatio.fi\/sv\/donera-till-ogonforskning\/barn-och-ungas-ogonsjukdomar\/#breadcrumb","itemListElement":[{"@type":"ListItem","position":1,"name":"Etusivu","item":"https:\/\/www.silmasaatio.fi\/sv\/"},{"@type":"ListItem","position":2,"name":"Donera till \u00f6gonforskning","item":"https:\/\/www.silmasaatio.fi\/sv\/lahjoita-silmatutkimukseen\/"},{"@type":"ListItem","position":3,"name":"Barn och ungas \u00f6gonsjukdomar"}]},{"@type":"WebSite","@id":"https:\/\/www.silmasaatio.fi\/sv\/#website","url":"https:\/\/www.silmasaatio.fi\/sv\/","name":"Silm\u00e4s\u00e4\u00e4ti\u00f6","description":"Edist\u00e4mme ja tuemme silmien terveyteen liittyv\u00e4\u00e4 tieteellist\u00e4 tutkimusta","publisher":{"@id":"https:\/\/www.silmasaatio.fi\/sv\/#organization"},"potentialAction":[{"@type":"SearchAction","target":{"@type":"EntryPoint","urlTemplate":"https:\/\/www.silmasaatio.fi\/sv\/?s={search_term_string}"},"query-input":{"@type":"PropertyValueSpecification","valueRequired":true,"valueName":"search_term_string"}}],"inLanguage":"sv-SE"},{"@type":"Organization","@id":"https:\/\/www.silmasaatio.fi\/sv\/#organization","name":"Silm\u00e4s\u00e4\u00e4ti\u00f6","url":"https:\/\/www.silmasaatio.fi\/sv\/","logo":{"@type":"ImageObject","inLanguage":"sv-SE","@id":"https:\/\/www.silmasaatio.fi\/sv\/#\/schema\/logo\/image\/","url":"https:\/\/www.silmasaatio.fi\/wpc\/uploads\/2024\/11\/favicon.png","contentUrl":"https:\/\/www.silmasaatio.fi\/wpc\/uploads\/2024\/11\/favicon.png","width":512,"height":512,"caption":"Silm\u00e4s\u00e4\u00e4ti\u00f6"},"image":{"@id":"https:\/\/www.silmasaatio.fi\/sv\/#\/schema\/logo\/image\/"}}]}},"_links":{"self":[{"href":"https:\/\/www.silmasaatio.fi\/sv\/wp-json\/wp\/v2\/pages\/467","targetHints":{"allow":["GET"]}}],"collection":[{"href":"https:\/\/www.silmasaatio.fi\/sv\/wp-json\/wp\/v2\/pages"}],"about":[{"href":"https:\/\/www.silmasaatio.fi\/sv\/wp-json\/wp\/v2\/types\/page"}],"author":[{"embeddable":true,"href":"https:\/\/www.silmasaatio.fi\/sv\/wp-json\/wp\/v2\/users\/1"}],"replies":[{"embeddable":true,"href":"https:\/\/www.silmasaatio.fi\/sv\/wp-json\/wp\/v2\/comments?post=467"}],"version-history":[{"count":0,"href":"https:\/\/www.silmasaatio.fi\/sv\/wp-json\/wp\/v2\/pages\/467\/revisions"}],"up":[{"embeddable":true,"href":"https:\/\/www.silmasaatio.fi\/sv\/wp-json\/wp\/v2\/pages\/461"}],"wp:attachment":[{"href":"https:\/\/www.silmasaatio.fi\/sv\/wp-json\/wp\/v2\/media?parent=467"}],"curies":[{"name":"wp","href":"https:\/\/api.w.org\/{rel}","templated":true}]}}