{"id":472,"date":"2024-11-19T12:52:32","date_gmt":"2024-11-19T10:52:32","guid":{"rendered":"https:\/\/www.silmasaatio.fi\/donera-till-ogonforskning\/silmakirurgia\/"},"modified":"2024-11-22T09:10:52","modified_gmt":"2024-11-22T07:10:52","slug":"ogonkirurgi","status":"publish","type":"page","link":"https:\/\/www.silmasaatio.fi\/sv\/donera-till-ogonforskning\/ogonkirurgi\/","title":{"rendered":"\u00d6gonkirurgi"},"content":{"rendered":"<h1 class=\"h1\">\u00d6gonkirurgi<\/h1>\n<p>\u00d6gonkirurgi \u00e4r botemedlet f\u00f6r de som lider av \u00f6gonsjudomar s\u00e5som starr, fel p\u00e5 horhinnan, \u00e5derhinnan-och n\u00e4thinnan. \u00c4ven personer som skadat dessa, t.ex. i en olycka, kan opereras. Nuf\u00f6rtiden finns tekniken att t\u00e4ppa till h\u00e5l i makula, gula fl\u00e4cken. Dessa \u00f6gonsjukdomar ans\u00e5gs tidigare vara obotliga. Tekniker f\u00f6r att transplantera hornhinnor och att minska p\u00e5 bortst\u00f6tningsreaktionen har utvecklats. Akuell forskning handlar \u00e4ven om att utveckla och f\u00f6renkla \u00f6gonkirurgiska, s\u00e5som v\u00e4vnadsteknologiska, operationstekniker.<\/p>\n","protected":false},"excerpt":{"rendered":"<p>\u00d6gonkirurgi \u00d6gonkirurgi \u00e4r botemedlet f\u00f6r de som lider av \u00f6gonsjudomar s\u00e5som starr, fel p\u00e5 horhinnan, \u00e5derhinnan-och n\u00e4thinnan. \u00c4ven personer som skadat dessa, t.ex. i en&#8230;<\/p>\n","protected":false},"author":1,"featured_media":0,"parent":461,"menu_order":0,"comment_status":"closed","ping_status":"closed","template":"page-templates\/donation.php","meta":{"footnotes":""},"class_list":["post-472","page","type-page","status-publish","hentry"],"yoast_head":"<!-- This site is optimized with the Yoast SEO plugin v27.2 - https:\/\/yoast.com\/product\/yoast-seo-wordpress\/ -->\n<title>\u00d6gonkirurgi - Silm\u00e4s\u00e4\u00e4ti\u00f6<\/title>\n<meta name=\"robots\" content=\"index, follow, max-snippet:-1, max-image-preview:large, max-video-preview:-1\" \/>\n<link rel=\"canonical\" href=\"https:\/\/www.silmasaatio.fi\/sv\/donera-till-ogonforskning\/ogonkirurgi\/\" \/>\n<meta property=\"og:locale\" content=\"sv_SE\" \/>\n<meta property=\"og:type\" content=\"article\" \/>\n<meta property=\"og:title\" content=\"\u00d6gonkirurgi - Silm\u00e4s\u00e4\u00e4ti\u00f6\" \/>\n<meta property=\"og:description\" content=\"\u00d6gonkirurgi \u00d6gonkirurgi \u00e4r botemedlet f\u00f6r de som lider av \u00f6gonsjudomar s\u00e5som starr, fel p\u00e5 horhinnan, \u00e5derhinnan-och n\u00e4thinnan. \u00c4ven personer som skadat dessa, t.ex. i en...\" \/>\n<meta property=\"og:url\" content=\"https:\/\/www.silmasaatio.fi\/sv\/donera-till-ogonforskning\/ogonkirurgi\/\" \/>\n<meta property=\"og:site_name\" content=\"Silm\u00e4s\u00e4\u00e4ti\u00f6\" \/>\n<meta property=\"article:modified_time\" content=\"2024-11-22T07:10:52+00:00\" \/>\n<meta property=\"og:image\" content=\"https:\/\/www.silmasaatio.fi\/wpc\/uploads\/2024\/11\/Some-FB-1200x630px.png\" \/>\n\t<meta property=\"og:image:width\" content=\"1200\" \/>\n\t<meta property=\"og:image:height\" content=\"630\" \/>\n\t<meta property=\"og:image:type\" content=\"image\/png\" \/>\n<meta name=\"twitter:card\" content=\"summary_large_image\" \/>\n<meta name=\"twitter:label1\" content=\"Est. reading time\" \/>\n\t<meta name=\"twitter:data1\" content=\"1 minute\" \/>\n<script type=\"application\/ld+json\" class=\"yoast-schema-graph\">{\"@context\":\"https:\/\/schema.org\",\"@graph\":[{\"@type\":\"WebPage\",\"@id\":\"https:\/\/www.silmasaatio.fi\/sv\/donera-till-ogonforskning\/ogonkirurgi\/\",\"url\":\"https:\/\/www.silmasaatio.fi\/sv\/donera-till-ogonforskning\/ogonkirurgi\/\",\"name\":\"\u00d6gonkirurgi - Silm\u00e4s\u00e4\u00e4ti\u00f6\",\"isPartOf\":{\"@id\":\"https:\/\/www.silmasaatio.fi\/sv\/#website\"},\"datePublished\":\"2024-11-19T10:52:32+00:00\",\"dateModified\":\"2024-11-22T07:10:52+00:00\",\"breadcrumb\":{\"@id\":\"https:\/\/www.silmasaatio.fi\/sv\/donera-till-ogonforskning\/ogonkirurgi\/#breadcrumb\"},\"inLanguage\":\"sv-SE\",\"potentialAction\":[{\"@type\":\"ReadAction\",\"target\":[\"https:\/\/www.silmasaatio.fi\/sv\/donera-till-ogonforskning\/ogonkirurgi\/\"]}]},{\"@type\":\"BreadcrumbList\",\"@id\":\"https:\/\/www.silmasaatio.fi\/sv\/donera-till-ogonforskning\/ogonkirurgi\/#breadcrumb\",\"itemListElement\":[{\"@type\":\"ListItem\",\"position\":1,\"name\":\"Etusivu\",\"item\":\"https:\/\/www.silmasaatio.fi\/sv\/\"},{\"@type\":\"ListItem\",\"position\":2,\"name\":\"Donera till \u00f6gonforskning\",\"item\":\"https:\/\/www.silmasaatio.fi\/sv\/lahjoita-silmatutkimukseen\/\"},{\"@type\":\"ListItem\",\"position\":3,\"name\":\"\u00d6gonkirurgi\"}]},{\"@type\":\"WebSite\",\"@id\":\"https:\/\/www.silmasaatio.fi\/sv\/#website\",\"url\":\"https:\/\/www.silmasaatio.fi\/sv\/\",\"name\":\"Silm\u00e4s\u00e4\u00e4ti\u00f6\",\"description\":\"Edist\u00e4mme ja tuemme silmien terveyteen liittyv\u00e4\u00e4 tieteellist\u00e4 tutkimusta\",\"publisher\":{\"@id\":\"https:\/\/www.silmasaatio.fi\/sv\/#organization\"},\"potentialAction\":[{\"@type\":\"SearchAction\",\"target\":{\"@type\":\"EntryPoint\",\"urlTemplate\":\"https:\/\/www.silmasaatio.fi\/sv\/?s={search_term_string}\"},\"query-input\":{\"@type\":\"PropertyValueSpecification\",\"valueRequired\":true,\"valueName\":\"search_term_string\"}}],\"inLanguage\":\"sv-SE\"},{\"@type\":\"Organization\",\"@id\":\"https:\/\/www.silmasaatio.fi\/sv\/#organization\",\"name\":\"Silm\u00e4s\u00e4\u00e4ti\u00f6\",\"url\":\"https:\/\/www.silmasaatio.fi\/sv\/\",\"logo\":{\"@type\":\"ImageObject\",\"inLanguage\":\"sv-SE\",\"@id\":\"https:\/\/www.silmasaatio.fi\/sv\/#\/schema\/logo\/image\/\",\"url\":\"https:\/\/www.silmasaatio.fi\/wpc\/uploads\/2024\/11\/favicon.png\",\"contentUrl\":\"https:\/\/www.silmasaatio.fi\/wpc\/uploads\/2024\/11\/favicon.png\",\"width\":512,\"height\":512,\"caption\":\"Silm\u00e4s\u00e4\u00e4ti\u00f6\"},\"image\":{\"@id\":\"https:\/\/www.silmasaatio.fi\/sv\/#\/schema\/logo\/image\/\"}}]}<\/script>\n<!-- \/ Yoast SEO plugin. -->","yoast_head_json":{"title":"\u00d6gonkirurgi - Silm\u00e4s\u00e4\u00e4ti\u00f6","robots":{"index":"index","follow":"follow","max-snippet":"max-snippet:-1","max-image-preview":"max-image-preview:large","max-video-preview":"max-video-preview:-1"},"canonical":"https:\/\/www.silmasaatio.fi\/sv\/donera-till-ogonforskning\/ogonkirurgi\/","og_locale":"sv_SE","og_type":"article","og_title":"\u00d6gonkirurgi - Silm\u00e4s\u00e4\u00e4ti\u00f6","og_description":"\u00d6gonkirurgi \u00d6gonkirurgi \u00e4r botemedlet f\u00f6r de som lider av \u00f6gonsjudomar s\u00e5som starr, fel p\u00e5 horhinnan, \u00e5derhinnan-och n\u00e4thinnan. \u00c4ven personer som skadat dessa, t.ex. i en...","og_url":"https:\/\/www.silmasaatio.fi\/sv\/donera-till-ogonforskning\/ogonkirurgi\/","og_site_name":"Silm\u00e4s\u00e4\u00e4ti\u00f6","article_modified_time":"2024-11-22T07:10:52+00:00","og_image":[{"width":1200,"height":630,"url":"https:\/\/www.silmasaatio.fi\/wpc\/uploads\/2024\/11\/Some-FB-1200x630px.png","type":"image\/png"}],"twitter_card":"summary_large_image","twitter_misc":{"Est. reading time":"1 minute"},"schema":{"@context":"https:\/\/schema.org","@graph":[{"@type":"WebPage","@id":"https:\/\/www.silmasaatio.fi\/sv\/donera-till-ogonforskning\/ogonkirurgi\/","url":"https:\/\/www.silmasaatio.fi\/sv\/donera-till-ogonforskning\/ogonkirurgi\/","name":"\u00d6gonkirurgi - Silm\u00e4s\u00e4\u00e4ti\u00f6","isPartOf":{"@id":"https:\/\/www.silmasaatio.fi\/sv\/#website"},"datePublished":"2024-11-19T10:52:32+00:00","dateModified":"2024-11-22T07:10:52+00:00","breadcrumb":{"@id":"https:\/\/www.silmasaatio.fi\/sv\/donera-till-ogonforskning\/ogonkirurgi\/#breadcrumb"},"inLanguage":"sv-SE","potentialAction":[{"@type":"ReadAction","target":["https:\/\/www.silmasaatio.fi\/sv\/donera-till-ogonforskning\/ogonkirurgi\/"]}]},{"@type":"BreadcrumbList","@id":"https:\/\/www.silmasaatio.fi\/sv\/donera-till-ogonforskning\/ogonkirurgi\/#breadcrumb","itemListElement":[{"@type":"ListItem","position":1,"name":"Etusivu","item":"https:\/\/www.silmasaatio.fi\/sv\/"},{"@type":"ListItem","position":2,"name":"Donera till \u00f6gonforskning","item":"https:\/\/www.silmasaatio.fi\/sv\/lahjoita-silmatutkimukseen\/"},{"@type":"ListItem","position":3,"name":"\u00d6gonkirurgi"}]},{"@type":"WebSite","@id":"https:\/\/www.silmasaatio.fi\/sv\/#website","url":"https:\/\/www.silmasaatio.fi\/sv\/","name":"Silm\u00e4s\u00e4\u00e4ti\u00f6","description":"Edist\u00e4mme ja tuemme silmien terveyteen liittyv\u00e4\u00e4 tieteellist\u00e4 tutkimusta","publisher":{"@id":"https:\/\/www.silmasaatio.fi\/sv\/#organization"},"potentialAction":[{"@type":"SearchAction","target":{"@type":"EntryPoint","urlTemplate":"https:\/\/www.silmasaatio.fi\/sv\/?s={search_term_string}"},"query-input":{"@type":"PropertyValueSpecification","valueRequired":true,"valueName":"search_term_string"}}],"inLanguage":"sv-SE"},{"@type":"Organization","@id":"https:\/\/www.silmasaatio.fi\/sv\/#organization","name":"Silm\u00e4s\u00e4\u00e4ti\u00f6","url":"https:\/\/www.silmasaatio.fi\/sv\/","logo":{"@type":"ImageObject","inLanguage":"sv-SE","@id":"https:\/\/www.silmasaatio.fi\/sv\/#\/schema\/logo\/image\/","url":"https:\/\/www.silmasaatio.fi\/wpc\/uploads\/2024\/11\/favicon.png","contentUrl":"https:\/\/www.silmasaatio.fi\/wpc\/uploads\/2024\/11\/favicon.png","width":512,"height":512,"caption":"Silm\u00e4s\u00e4\u00e4ti\u00f6"},"image":{"@id":"https:\/\/www.silmasaatio.fi\/sv\/#\/schema\/logo\/image\/"}}]}},"_links":{"self":[{"href":"https:\/\/www.silmasaatio.fi\/sv\/wp-json\/wp\/v2\/pages\/472","targetHints":{"allow":["GET"]}}],"collection":[{"href":"https:\/\/www.silmasaatio.fi\/sv\/wp-json\/wp\/v2\/pages"}],"about":[{"href":"https:\/\/www.silmasaatio.fi\/sv\/wp-json\/wp\/v2\/types\/page"}],"author":[{"embeddable":true,"href":"https:\/\/www.silmasaatio.fi\/sv\/wp-json\/wp\/v2\/users\/1"}],"replies":[{"embeddable":true,"href":"https:\/\/www.silmasaatio.fi\/sv\/wp-json\/wp\/v2\/comments?post=472"}],"version-history":[{"count":0,"href":"https:\/\/www.silmasaatio.fi\/sv\/wp-json\/wp\/v2\/pages\/472\/revisions"}],"up":[{"embeddable":true,"href":"https:\/\/www.silmasaatio.fi\/sv\/wp-json\/wp\/v2\/pages\/461"}],"wp:attachment":[{"href":"https:\/\/www.silmasaatio.fi\/sv\/wp-json\/wp\/v2\/media?parent=472"}],"curies":[{"name":"wp","href":"https:\/\/api.w.org\/{rel}","templated":true}]}}