{"id":483,"date":"2024-11-19T13:45:41","date_gmt":"2024-11-19T11:45:41","guid":{"rendered":"https:\/\/www.silmasaatio.fi\/silmasaatio\/silmasaation-historia\/"},"modified":"2024-11-22T09:22:25","modified_gmt":"2024-11-22T07:22:25","slug":"historik","status":"publish","type":"page","link":"https:\/\/www.silmasaatio.fi\/sv\/silmasaatio\/historik\/","title":{"rendered":"Historik"},"content":{"rendered":"<h1>Historik<\/h1>\n<p>Suomen Silm\u00e4l\u00e4\u00e4k\u00e4riyhdistys ry fick \u00e5r 1959 som donation av Oy\u00a0<a class=\"bold-link\" href=\"https:\/\/instru.fi\/\" target=\"_blank\" rel=\"noopener noreferrer\">Instrumentarium<\/a> 200.000 mark och professor\u00a0<a class=\"bold-link\" href=\"https:\/\/sv.wikipedia.org\/wiki\/Mauno_Vannas\" target=\"_blank\" rel=\"noopener noreferrer\">Mauno Vannas<\/a>\u00a0donerade 100.000 mark som startkapital till en sj\u00e4lvst\u00e4ndig stiftelse, vars syfte skulle vara att fr\u00e4mja forskning i \u00f6gonmedicin i v\u00e5rt land. Projektet f\u00f6r att grunda en stiftelse leddes av id\u00e9ns fader, professor Mauno Vannas, professor\u00a0<a class=\"bold-link\" href=\"https:\/\/www.naistenaani.fi\/signe-lofgren-silmatautien-erikoislaakari-professori\/\" target=\"_blank\" rel=\"noopener noreferrer\">Signe L\u00f6fgren<\/a>, ordf\u00f6rande f\u00f6r Silm\u00e4l\u00e4\u00e4k\u00e4riyhdistys medicine licentiat\u00a0<a class=\"bold-link\" href=\"https:\/\/sv.wikipedia.org\/wiki\/Birgitta_Knape\" target=\"_blank\" rel=\"noopener noreferrer\">Birgitta Knape<\/a>\u00a0och f\u00f6reningens sekreterare, professor Jorma Castren.<\/p>\n<p>Stiftelsen fick tillst\u00e5nd f\u00f6r sin verksamhet och registrerades i stiftelseregistret \u00e5r 1960. Den h\u00f6gsta beslutander\u00e4tten i stiftelsen ut\u00f6vas av f\u00f6rvaltningsr\u00e5det, med representanter f\u00f6r \u00f6gonmedicin och dessutom n\u00e4ringslivet och \u00f6vriga donatorer. I Silm\u00e4s\u00e4\u00e4ti\u00f6s styrelse finns \u00e4ven expertis inom \u00f6gonmedicin och aff\u00e4rslivet.<\/p>\n<p>Stiftelsens kapital har byggts upp av donationer och avkastning fr\u00e5n tillg\u00e5ngarna.<\/p>\n","protected":false},"excerpt":{"rendered":"<p>Historik Suomen Silm\u00e4l\u00e4\u00e4k\u00e4riyhdistys ry fick \u00e5r 1959 som donation av Oy\u00a0Instrumentarium 200.000 mark och professor\u00a0Mauno Vannas\u00a0donerade 100.000 mark som startkapital till en sj\u00e4lvst\u00e4ndig stiftelse, vars&#8230;<\/p>\n","protected":false},"author":1,"featured_media":0,"parent":481,"menu_order":0,"comment_status":"closed","ping_status":"closed","template":"","meta":{"footnotes":""},"class_list":["post-483","page","type-page","status-publish","hentry"],"yoast_head":"<!-- This site is optimized with the Yoast SEO plugin v27.2 - https:\/\/yoast.com\/product\/yoast-seo-wordpress\/ -->\n<title>Historik - Silm\u00e4s\u00e4\u00e4ti\u00f6<\/title>\n<meta name=\"robots\" content=\"index, follow, max-snippet:-1, max-image-preview:large, max-video-preview:-1\" \/>\n<link rel=\"canonical\" href=\"https:\/\/www.silmasaatio.fi\/sv\/silmasaatio\/historik\/\" \/>\n<meta property=\"og:locale\" content=\"sv_SE\" \/>\n<meta property=\"og:type\" content=\"article\" \/>\n<meta property=\"og:title\" content=\"Historik - Silm\u00e4s\u00e4\u00e4ti\u00f6\" \/>\n<meta property=\"og:description\" content=\"Historik Suomen Silm\u00e4l\u00e4\u00e4k\u00e4riyhdistys ry fick \u00e5r 1959 som donation av Oy\u00a0Instrumentarium 200.000 mark och professor\u00a0Mauno Vannas\u00a0donerade 100.000 mark som startkapital till en sj\u00e4lvst\u00e4ndig stiftelse, vars...\" \/>\n<meta property=\"og:url\" content=\"https:\/\/www.silmasaatio.fi\/sv\/silmasaatio\/historik\/\" \/>\n<meta property=\"og:site_name\" content=\"Silm\u00e4s\u00e4\u00e4ti\u00f6\" \/>\n<meta property=\"article:modified_time\" content=\"2024-11-22T07:22:25+00:00\" \/>\n<meta property=\"og:image\" content=\"https:\/\/www.silmasaatio.fi\/wpc\/uploads\/2024\/11\/Some-FB-1200x630px.png\" \/>\n\t<meta property=\"og:image:width\" content=\"1200\" \/>\n\t<meta property=\"og:image:height\" content=\"630\" \/>\n\t<meta property=\"og:image:type\" content=\"image\/png\" \/>\n<meta name=\"twitter:card\" content=\"summary_large_image\" \/>\n<meta name=\"twitter:label1\" content=\"Est. reading time\" \/>\n\t<meta name=\"twitter:data1\" content=\"1 minute\" \/>\n<script type=\"application\/ld+json\" class=\"yoast-schema-graph\">{\"@context\":\"https:\/\/schema.org\",\"@graph\":[{\"@type\":\"WebPage\",\"@id\":\"https:\/\/www.silmasaatio.fi\/sv\/silmasaatio\/historik\/\",\"url\":\"https:\/\/www.silmasaatio.fi\/sv\/silmasaatio\/historik\/\",\"name\":\"Historik - Silm\u00e4s\u00e4\u00e4ti\u00f6\",\"isPartOf\":{\"@id\":\"https:\/\/www.silmasaatio.fi\/sv\/#website\"},\"datePublished\":\"2024-11-19T11:45:41+00:00\",\"dateModified\":\"2024-11-22T07:22:25+00:00\",\"breadcrumb\":{\"@id\":\"https:\/\/www.silmasaatio.fi\/sv\/silmasaatio\/historik\/#breadcrumb\"},\"inLanguage\":\"sv-SE\",\"potentialAction\":[{\"@type\":\"ReadAction\",\"target\":[\"https:\/\/www.silmasaatio.fi\/sv\/silmasaatio\/historik\/\"]}]},{\"@type\":\"BreadcrumbList\",\"@id\":\"https:\/\/www.silmasaatio.fi\/sv\/silmasaatio\/historik\/#breadcrumb\",\"itemListElement\":[{\"@type\":\"ListItem\",\"position\":1,\"name\":\"Etusivu\",\"item\":\"https:\/\/www.silmasaatio.fi\/sv\/\"},{\"@type\":\"ListItem\",\"position\":2,\"name\":\"Silm\u00e4s\u00e4\u00e4ti\u00f6\",\"item\":\"https:\/\/www.silmasaatio.fi\/sv\/silmasaatio\/\"},{\"@type\":\"ListItem\",\"position\":3,\"name\":\"Historik\"}]},{\"@type\":\"WebSite\",\"@id\":\"https:\/\/www.silmasaatio.fi\/sv\/#website\",\"url\":\"https:\/\/www.silmasaatio.fi\/sv\/\",\"name\":\"Silm\u00e4s\u00e4\u00e4ti\u00f6\",\"description\":\"Edist\u00e4mme ja tuemme silmien terveyteen liittyv\u00e4\u00e4 tieteellist\u00e4 tutkimusta\",\"publisher\":{\"@id\":\"https:\/\/www.silmasaatio.fi\/sv\/#organization\"},\"potentialAction\":[{\"@type\":\"SearchAction\",\"target\":{\"@type\":\"EntryPoint\",\"urlTemplate\":\"https:\/\/www.silmasaatio.fi\/sv\/?s={search_term_string}\"},\"query-input\":{\"@type\":\"PropertyValueSpecification\",\"valueRequired\":true,\"valueName\":\"search_term_string\"}}],\"inLanguage\":\"sv-SE\"},{\"@type\":\"Organization\",\"@id\":\"https:\/\/www.silmasaatio.fi\/sv\/#organization\",\"name\":\"Silm\u00e4s\u00e4\u00e4ti\u00f6\",\"url\":\"https:\/\/www.silmasaatio.fi\/sv\/\",\"logo\":{\"@type\":\"ImageObject\",\"inLanguage\":\"sv-SE\",\"@id\":\"https:\/\/www.silmasaatio.fi\/sv\/#\/schema\/logo\/image\/\",\"url\":\"https:\/\/www.silmasaatio.fi\/wpc\/uploads\/2024\/11\/favicon.png\",\"contentUrl\":\"https:\/\/www.silmasaatio.fi\/wpc\/uploads\/2024\/11\/favicon.png\",\"width\":512,\"height\":512,\"caption\":\"Silm\u00e4s\u00e4\u00e4ti\u00f6\"},\"image\":{\"@id\":\"https:\/\/www.silmasaatio.fi\/sv\/#\/schema\/logo\/image\/\"}}]}<\/script>\n<!-- \/ Yoast SEO plugin. -->","yoast_head_json":{"title":"Historik - Silm\u00e4s\u00e4\u00e4ti\u00f6","robots":{"index":"index","follow":"follow","max-snippet":"max-snippet:-1","max-image-preview":"max-image-preview:large","max-video-preview":"max-video-preview:-1"},"canonical":"https:\/\/www.silmasaatio.fi\/sv\/silmasaatio\/historik\/","og_locale":"sv_SE","og_type":"article","og_title":"Historik - Silm\u00e4s\u00e4\u00e4ti\u00f6","og_description":"Historik Suomen Silm\u00e4l\u00e4\u00e4k\u00e4riyhdistys ry fick \u00e5r 1959 som donation av Oy\u00a0Instrumentarium 200.000 mark och professor\u00a0Mauno Vannas\u00a0donerade 100.000 mark som startkapital till en sj\u00e4lvst\u00e4ndig stiftelse, vars...","og_url":"https:\/\/www.silmasaatio.fi\/sv\/silmasaatio\/historik\/","og_site_name":"Silm\u00e4s\u00e4\u00e4ti\u00f6","article_modified_time":"2024-11-22T07:22:25+00:00","og_image":[{"width":1200,"height":630,"url":"https:\/\/www.silmasaatio.fi\/wpc\/uploads\/2024\/11\/Some-FB-1200x630px.png","type":"image\/png"}],"twitter_card":"summary_large_image","twitter_misc":{"Est. reading time":"1 minute"},"schema":{"@context":"https:\/\/schema.org","@graph":[{"@type":"WebPage","@id":"https:\/\/www.silmasaatio.fi\/sv\/silmasaatio\/historik\/","url":"https:\/\/www.silmasaatio.fi\/sv\/silmasaatio\/historik\/","name":"Historik - Silm\u00e4s\u00e4\u00e4ti\u00f6","isPartOf":{"@id":"https:\/\/www.silmasaatio.fi\/sv\/#website"},"datePublished":"2024-11-19T11:45:41+00:00","dateModified":"2024-11-22T07:22:25+00:00","breadcrumb":{"@id":"https:\/\/www.silmasaatio.fi\/sv\/silmasaatio\/historik\/#breadcrumb"},"inLanguage":"sv-SE","potentialAction":[{"@type":"ReadAction","target":["https:\/\/www.silmasaatio.fi\/sv\/silmasaatio\/historik\/"]}]},{"@type":"BreadcrumbList","@id":"https:\/\/www.silmasaatio.fi\/sv\/silmasaatio\/historik\/#breadcrumb","itemListElement":[{"@type":"ListItem","position":1,"name":"Etusivu","item":"https:\/\/www.silmasaatio.fi\/sv\/"},{"@type":"ListItem","position":2,"name":"Silm\u00e4s\u00e4\u00e4ti\u00f6","item":"https:\/\/www.silmasaatio.fi\/sv\/silmasaatio\/"},{"@type":"ListItem","position":3,"name":"Historik"}]},{"@type":"WebSite","@id":"https:\/\/www.silmasaatio.fi\/sv\/#website","url":"https:\/\/www.silmasaatio.fi\/sv\/","name":"Silm\u00e4s\u00e4\u00e4ti\u00f6","description":"Edist\u00e4mme ja tuemme silmien terveyteen liittyv\u00e4\u00e4 tieteellist\u00e4 tutkimusta","publisher":{"@id":"https:\/\/www.silmasaatio.fi\/sv\/#organization"},"potentialAction":[{"@type":"SearchAction","target":{"@type":"EntryPoint","urlTemplate":"https:\/\/www.silmasaatio.fi\/sv\/?s={search_term_string}"},"query-input":{"@type":"PropertyValueSpecification","valueRequired":true,"valueName":"search_term_string"}}],"inLanguage":"sv-SE"},{"@type":"Organization","@id":"https:\/\/www.silmasaatio.fi\/sv\/#organization","name":"Silm\u00e4s\u00e4\u00e4ti\u00f6","url":"https:\/\/www.silmasaatio.fi\/sv\/","logo":{"@type":"ImageObject","inLanguage":"sv-SE","@id":"https:\/\/www.silmasaatio.fi\/sv\/#\/schema\/logo\/image\/","url":"https:\/\/www.silmasaatio.fi\/wpc\/uploads\/2024\/11\/favicon.png","contentUrl":"https:\/\/www.silmasaatio.fi\/wpc\/uploads\/2024\/11\/favicon.png","width":512,"height":512,"caption":"Silm\u00e4s\u00e4\u00e4ti\u00f6"},"image":{"@id":"https:\/\/www.silmasaatio.fi\/sv\/#\/schema\/logo\/image\/"}}]}},"_links":{"self":[{"href":"https:\/\/www.silmasaatio.fi\/sv\/wp-json\/wp\/v2\/pages\/483","targetHints":{"allow":["GET"]}}],"collection":[{"href":"https:\/\/www.silmasaatio.fi\/sv\/wp-json\/wp\/v2\/pages"}],"about":[{"href":"https:\/\/www.silmasaatio.fi\/sv\/wp-json\/wp\/v2\/types\/page"}],"author":[{"embeddable":true,"href":"https:\/\/www.silmasaatio.fi\/sv\/wp-json\/wp\/v2\/users\/1"}],"replies":[{"embeddable":true,"href":"https:\/\/www.silmasaatio.fi\/sv\/wp-json\/wp\/v2\/comments?post=483"}],"version-history":[{"count":0,"href":"https:\/\/www.silmasaatio.fi\/sv\/wp-json\/wp\/v2\/pages\/483\/revisions"}],"up":[{"embeddable":true,"href":"https:\/\/www.silmasaatio.fi\/sv\/wp-json\/wp\/v2\/pages\/481"}],"wp:attachment":[{"href":"https:\/\/www.silmasaatio.fi\/sv\/wp-json\/wp\/v2\/media?parent=483"}],"curies":[{"name":"wp","href":"https:\/\/api.w.org\/{rel}","templated":true}]}}