{"id":485,"date":"2024-11-19T13:49:04","date_gmt":"2024-11-19T11:49:04","guid":{"rendered":"https:\/\/www.silmasaatio.fi\/silmasaatio\/mauno-vannas-mitali\/"},"modified":"2024-11-26T14:03:29","modified_gmt":"2024-11-26T12:03:29","slug":"mauno-vannas-medalj","status":"publish","type":"page","link":"https:\/\/www.silmasaatio.fi\/sv\/silmasaatio\/mauno-vannas-medalj\/","title":{"rendered":"Mauno Vannas -medalj"},"content":{"rendered":"<h1>Mauno Vannas -medalj<\/h1>\n<p>Den f\u00f6rsta Mauno Vannas-medaljen enligt de reviderade reglerna tilldelades professor Stanley Chang 2016. Dr Chang (f\u00f6dd 1941) var f\u00f6re sin pensionering professor i \u00f6gonsjukdomar vid Columbia University och chef f\u00f6r Harkness Eye Institute i New York.<\/p>\n<p>Professor Chang \u00e4r en av v\u00e4rldens mest k\u00e4nda n\u00e4thinnekirurger. Han har varit en nyckelperson n\u00e4r det g\u00e4ller att ta fram v\u00e4tskor som anv\u00e4nds under operationen och som revolutionerat behandlingen av sv\u00e5ra n\u00e4thinneavlossningar.<\/p>\n<p>Professor Chang studerade f\u00f6rst elektroteknik vid Massachusetts tekniska institut (MIT) och medicinsk teknik vid University of Pennsylvania. Efter att ha avlagt en Masters-examen best\u00e4mde han sig f\u00f6r att byta bransch och inrikta sig p\u00e5 medicin. Dr Chang utf\u00f6rde sina medicinska studier vid Columbia University.<\/p>\n<p><img loading=\"lazy\" decoding=\"async\" class=\"alignnone size-full wp-image-239 rounded-img\" src=\"https:\/\/www.silmasaatio.fi\/wpc\/uploads\/2024\/11\/spring2015-alumProfile-chang-250.jpg\" alt=\"\" width=\"250\" height=\"264\" srcset=\"https:\/\/www.silmasaatio.fi\/wpc\/uploads\/2024\/11\/spring2015-alumProfile-chang-250.jpg 250w, https:\/\/www.silmasaatio.fi\/wpc\/uploads\/2024\/11\/spring2015-alumProfile-chang-250-85x90.jpg 85w\" sizes=\"auto, (max-width: 250px) 100vw, 250px\" \/><\/p>\n<p><em>\u201cI realized that if you become a bioengineer, you don\u2019t really understand the biologic problems\u201d<\/em><\/p>\n<p><em>\u201cMedical school was a great experience, probably one of the best times in my life\u201d<\/em><\/p>\n<p>Professor Chang f\u00f6ddes i Shanghai i Kina och flyttade med sina f\u00f6r\u00e4ldrar till Bronx i New York n\u00e4r han var tv\u00e5 \u00e5r gammal. I New York bor han fortfarande eftersom Stanley Chang sedan pensioneringen har haft en privat mottagning p\u00e5 Manhattan.<\/p>\n<p>L\u00e4s mer om professor Chang i tidningen Columbia Medicine <a class=\"bold-link\" href=\"http:\/\/www.columbiamedicinemagazine.org\/alumni-news-notes\/spring-2015\/alumni-profile-stanley-chang74\" target=\"_blank\" rel=\"noopener\">Artikel<\/a>:. Artikelns spr\u00e5k \u00e4r engelska.<\/p>\n<p><img loading=\"lazy\" decoding=\"async\" class=\"alignnone size-full wp-image-241 rounded-img\" src=\"https:\/\/www.silmasaatio.fi\/wpc\/uploads\/2024\/11\/spring2015-alumProfile-chang-kissenger-250.jpg\" alt=\"\" width=\"250\" height=\"164\" srcset=\"https:\/\/www.silmasaatio.fi\/wpc\/uploads\/2024\/11\/spring2015-alumProfile-chang-kissenger-250.jpg 250w, https:\/\/www.silmasaatio.fi\/wpc\/uploads\/2024\/11\/spring2015-alumProfile-chang-kissenger-250-90x59.jpg 90w\" sizes=\"auto, (max-width: 250px) 100vw, 250px\" \/><\/p>\n<p>Medlem i delegationen i Edward S.Harkness Institute, doktor\u00a0<a class=\"bold-link\" href=\"https:\/\/sv.wikipedia.org\/wiki\/Henry_Kissinger\" target=\"_blank\" rel=\"noopener\">Henry Kissinger<\/a>\u00a0och professor Stanley Chang.<\/p>\n<p><a class=\"button style-preset-1\" href=\"https:\/\/www.silmasaatio.fi\/sv\/silmasaatio\/mauno-vannas-medaljens-regler\/\">Mauno Vannas -medaljens regler<\/a><\/p>\n","protected":false},"excerpt":{"rendered":"<p>Mauno Vannas -medalj Den f\u00f6rsta Mauno Vannas-medaljen enligt de reviderade reglerna tilldelades professor Stanley Chang 2016. Dr Chang (f\u00f6dd 1941) var f\u00f6re sin pensionering professor&#8230;<\/p>\n","protected":false},"author":1,"featured_media":0,"parent":481,"menu_order":0,"comment_status":"closed","ping_status":"closed","template":"","meta":{"footnotes":""},"class_list":["post-485","page","type-page","status-publish","hentry"],"yoast_head":"<!-- This site is optimized with the Yoast SEO plugin v27.2 - https:\/\/yoast.com\/product\/yoast-seo-wordpress\/ -->\n<title>Mauno Vannas -medalj - Silm\u00e4s\u00e4\u00e4ti\u00f6<\/title>\n<meta name=\"robots\" content=\"index, follow, max-snippet:-1, max-image-preview:large, max-video-preview:-1\" \/>\n<link rel=\"canonical\" href=\"https:\/\/www.silmasaatio.fi\/sv\/silmasaatio\/mauno-vannas-medalj\/\" \/>\n<meta property=\"og:locale\" content=\"sv_SE\" \/>\n<meta property=\"og:type\" content=\"article\" \/>\n<meta property=\"og:title\" content=\"Mauno Vannas -medalj - Silm\u00e4s\u00e4\u00e4ti\u00f6\" \/>\n<meta property=\"og:description\" content=\"Mauno Vannas -medalj Den f\u00f6rsta Mauno Vannas-medaljen enligt de reviderade reglerna tilldelades professor Stanley Chang 2016. Dr Chang (f\u00f6dd 1941) var f\u00f6re sin pensionering professor...\" \/>\n<meta property=\"og:url\" content=\"https:\/\/www.silmasaatio.fi\/sv\/silmasaatio\/mauno-vannas-medalj\/\" \/>\n<meta property=\"og:site_name\" content=\"Silm\u00e4s\u00e4\u00e4ti\u00f6\" \/>\n<meta property=\"article:modified_time\" content=\"2024-11-26T12:03:29+00:00\" \/>\n<meta property=\"og:image\" content=\"https:\/\/www.silmasaatio.fi\/wpc\/uploads\/2024\/11\/spring2015-alumProfile-chang-250.jpg\" \/>\n\t<meta property=\"og:image:width\" content=\"250\" \/>\n\t<meta property=\"og:image:height\" content=\"264\" \/>\n\t<meta property=\"og:image:type\" content=\"image\/jpeg\" \/>\n<meta name=\"twitter:card\" content=\"summary_large_image\" \/>\n<meta name=\"twitter:label1\" content=\"Est. reading time\" \/>\n\t<meta name=\"twitter:data1\" content=\"2 minutes\" \/>\n<script type=\"application\/ld+json\" class=\"yoast-schema-graph\">{\"@context\":\"https:\/\/schema.org\",\"@graph\":[{\"@type\":\"WebPage\",\"@id\":\"https:\/\/www.silmasaatio.fi\/sv\/silmasaatio\/mauno-vannas-medalj\/\",\"url\":\"https:\/\/www.silmasaatio.fi\/sv\/silmasaatio\/mauno-vannas-medalj\/\",\"name\":\"Mauno Vannas -medalj - Silm\u00e4s\u00e4\u00e4ti\u00f6\",\"isPartOf\":{\"@id\":\"https:\/\/www.silmasaatio.fi\/sv\/#website\"},\"primaryImageOfPage\":{\"@id\":\"https:\/\/www.silmasaatio.fi\/sv\/silmasaatio\/mauno-vannas-medalj\/#primaryimage\"},\"image\":{\"@id\":\"https:\/\/www.silmasaatio.fi\/sv\/silmasaatio\/mauno-vannas-medalj\/#primaryimage\"},\"thumbnailUrl\":\"https:\/\/www.silmasaatio.fi\/wpc\/uploads\/2024\/11\/spring2015-alumProfile-chang-250.jpg\",\"datePublished\":\"2024-11-19T11:49:04+00:00\",\"dateModified\":\"2024-11-26T12:03:29+00:00\",\"breadcrumb\":{\"@id\":\"https:\/\/www.silmasaatio.fi\/sv\/silmasaatio\/mauno-vannas-medalj\/#breadcrumb\"},\"inLanguage\":\"sv-SE\",\"potentialAction\":[{\"@type\":\"ReadAction\",\"target\":[\"https:\/\/www.silmasaatio.fi\/sv\/silmasaatio\/mauno-vannas-medalj\/\"]}]},{\"@type\":\"ImageObject\",\"inLanguage\":\"sv-SE\",\"@id\":\"https:\/\/www.silmasaatio.fi\/sv\/silmasaatio\/mauno-vannas-medalj\/#primaryimage\",\"url\":\"https:\/\/www.silmasaatio.fi\/wpc\/uploads\/2024\/11\/spring2015-alumProfile-chang-250.jpg\",\"contentUrl\":\"https:\/\/www.silmasaatio.fi\/wpc\/uploads\/2024\/11\/spring2015-alumProfile-chang-250.jpg\"},{\"@type\":\"BreadcrumbList\",\"@id\":\"https:\/\/www.silmasaatio.fi\/sv\/silmasaatio\/mauno-vannas-medalj\/#breadcrumb\",\"itemListElement\":[{\"@type\":\"ListItem\",\"position\":1,\"name\":\"Etusivu\",\"item\":\"https:\/\/www.silmasaatio.fi\/sv\/\"},{\"@type\":\"ListItem\",\"position\":2,\"name\":\"Silm\u00e4s\u00e4\u00e4ti\u00f6\",\"item\":\"https:\/\/www.silmasaatio.fi\/sv\/silmasaatio\/\"},{\"@type\":\"ListItem\",\"position\":3,\"name\":\"Mauno Vannas -medalj\"}]},{\"@type\":\"WebSite\",\"@id\":\"https:\/\/www.silmasaatio.fi\/sv\/#website\",\"url\":\"https:\/\/www.silmasaatio.fi\/sv\/\",\"name\":\"Silm\u00e4s\u00e4\u00e4ti\u00f6\",\"description\":\"Edist\u00e4mme ja tuemme silmien terveyteen liittyv\u00e4\u00e4 tieteellist\u00e4 tutkimusta\",\"publisher\":{\"@id\":\"https:\/\/www.silmasaatio.fi\/sv\/#organization\"},\"potentialAction\":[{\"@type\":\"SearchAction\",\"target\":{\"@type\":\"EntryPoint\",\"urlTemplate\":\"https:\/\/www.silmasaatio.fi\/sv\/?s={search_term_string}\"},\"query-input\":{\"@type\":\"PropertyValueSpecification\",\"valueRequired\":true,\"valueName\":\"search_term_string\"}}],\"inLanguage\":\"sv-SE\"},{\"@type\":\"Organization\",\"@id\":\"https:\/\/www.silmasaatio.fi\/sv\/#organization\",\"name\":\"Silm\u00e4s\u00e4\u00e4ti\u00f6\",\"url\":\"https:\/\/www.silmasaatio.fi\/sv\/\",\"logo\":{\"@type\":\"ImageObject\",\"inLanguage\":\"sv-SE\",\"@id\":\"https:\/\/www.silmasaatio.fi\/sv\/#\/schema\/logo\/image\/\",\"url\":\"https:\/\/www.silmasaatio.fi\/wpc\/uploads\/2024\/11\/favicon.png\",\"contentUrl\":\"https:\/\/www.silmasaatio.fi\/wpc\/uploads\/2024\/11\/favicon.png\",\"width\":512,\"height\":512,\"caption\":\"Silm\u00e4s\u00e4\u00e4ti\u00f6\"},\"image\":{\"@id\":\"https:\/\/www.silmasaatio.fi\/sv\/#\/schema\/logo\/image\/\"}}]}<\/script>\n<!-- \/ Yoast SEO plugin. -->","yoast_head_json":{"title":"Mauno Vannas -medalj - Silm\u00e4s\u00e4\u00e4ti\u00f6","robots":{"index":"index","follow":"follow","max-snippet":"max-snippet:-1","max-image-preview":"max-image-preview:large","max-video-preview":"max-video-preview:-1"},"canonical":"https:\/\/www.silmasaatio.fi\/sv\/silmasaatio\/mauno-vannas-medalj\/","og_locale":"sv_SE","og_type":"article","og_title":"Mauno Vannas -medalj - Silm\u00e4s\u00e4\u00e4ti\u00f6","og_description":"Mauno Vannas -medalj Den f\u00f6rsta Mauno Vannas-medaljen enligt de reviderade reglerna tilldelades professor Stanley Chang 2016. Dr Chang (f\u00f6dd 1941) var f\u00f6re sin pensionering professor...","og_url":"https:\/\/www.silmasaatio.fi\/sv\/silmasaatio\/mauno-vannas-medalj\/","og_site_name":"Silm\u00e4s\u00e4\u00e4ti\u00f6","article_modified_time":"2024-11-26T12:03:29+00:00","og_image":[{"width":250,"height":264,"url":"https:\/\/www.silmasaatio.fi\/wpc\/uploads\/2024\/11\/spring2015-alumProfile-chang-250.jpg","type":"image\/jpeg"}],"twitter_card":"summary_large_image","twitter_misc":{"Est. reading time":"2 minutes"},"schema":{"@context":"https:\/\/schema.org","@graph":[{"@type":"WebPage","@id":"https:\/\/www.silmasaatio.fi\/sv\/silmasaatio\/mauno-vannas-medalj\/","url":"https:\/\/www.silmasaatio.fi\/sv\/silmasaatio\/mauno-vannas-medalj\/","name":"Mauno Vannas -medalj - Silm\u00e4s\u00e4\u00e4ti\u00f6","isPartOf":{"@id":"https:\/\/www.silmasaatio.fi\/sv\/#website"},"primaryImageOfPage":{"@id":"https:\/\/www.silmasaatio.fi\/sv\/silmasaatio\/mauno-vannas-medalj\/#primaryimage"},"image":{"@id":"https:\/\/www.silmasaatio.fi\/sv\/silmasaatio\/mauno-vannas-medalj\/#primaryimage"},"thumbnailUrl":"https:\/\/www.silmasaatio.fi\/wpc\/uploads\/2024\/11\/spring2015-alumProfile-chang-250.jpg","datePublished":"2024-11-19T11:49:04+00:00","dateModified":"2024-11-26T12:03:29+00:00","breadcrumb":{"@id":"https:\/\/www.silmasaatio.fi\/sv\/silmasaatio\/mauno-vannas-medalj\/#breadcrumb"},"inLanguage":"sv-SE","potentialAction":[{"@type":"ReadAction","target":["https:\/\/www.silmasaatio.fi\/sv\/silmasaatio\/mauno-vannas-medalj\/"]}]},{"@type":"ImageObject","inLanguage":"sv-SE","@id":"https:\/\/www.silmasaatio.fi\/sv\/silmasaatio\/mauno-vannas-medalj\/#primaryimage","url":"https:\/\/www.silmasaatio.fi\/wpc\/uploads\/2024\/11\/spring2015-alumProfile-chang-250.jpg","contentUrl":"https:\/\/www.silmasaatio.fi\/wpc\/uploads\/2024\/11\/spring2015-alumProfile-chang-250.jpg"},{"@type":"BreadcrumbList","@id":"https:\/\/www.silmasaatio.fi\/sv\/silmasaatio\/mauno-vannas-medalj\/#breadcrumb","itemListElement":[{"@type":"ListItem","position":1,"name":"Etusivu","item":"https:\/\/www.silmasaatio.fi\/sv\/"},{"@type":"ListItem","position":2,"name":"Silm\u00e4s\u00e4\u00e4ti\u00f6","item":"https:\/\/www.silmasaatio.fi\/sv\/silmasaatio\/"},{"@type":"ListItem","position":3,"name":"Mauno Vannas -medalj"}]},{"@type":"WebSite","@id":"https:\/\/www.silmasaatio.fi\/sv\/#website","url":"https:\/\/www.silmasaatio.fi\/sv\/","name":"Silm\u00e4s\u00e4\u00e4ti\u00f6","description":"Edist\u00e4mme ja tuemme silmien terveyteen liittyv\u00e4\u00e4 tieteellist\u00e4 tutkimusta","publisher":{"@id":"https:\/\/www.silmasaatio.fi\/sv\/#organization"},"potentialAction":[{"@type":"SearchAction","target":{"@type":"EntryPoint","urlTemplate":"https:\/\/www.silmasaatio.fi\/sv\/?s={search_term_string}"},"query-input":{"@type":"PropertyValueSpecification","valueRequired":true,"valueName":"search_term_string"}}],"inLanguage":"sv-SE"},{"@type":"Organization","@id":"https:\/\/www.silmasaatio.fi\/sv\/#organization","name":"Silm\u00e4s\u00e4\u00e4ti\u00f6","url":"https:\/\/www.silmasaatio.fi\/sv\/","logo":{"@type":"ImageObject","inLanguage":"sv-SE","@id":"https:\/\/www.silmasaatio.fi\/sv\/#\/schema\/logo\/image\/","url":"https:\/\/www.silmasaatio.fi\/wpc\/uploads\/2024\/11\/favicon.png","contentUrl":"https:\/\/www.silmasaatio.fi\/wpc\/uploads\/2024\/11\/favicon.png","width":512,"height":512,"caption":"Silm\u00e4s\u00e4\u00e4ti\u00f6"},"image":{"@id":"https:\/\/www.silmasaatio.fi\/sv\/#\/schema\/logo\/image\/"}}]}},"_links":{"self":[{"href":"https:\/\/www.silmasaatio.fi\/sv\/wp-json\/wp\/v2\/pages\/485","targetHints":{"allow":["GET"]}}],"collection":[{"href":"https:\/\/www.silmasaatio.fi\/sv\/wp-json\/wp\/v2\/pages"}],"about":[{"href":"https:\/\/www.silmasaatio.fi\/sv\/wp-json\/wp\/v2\/types\/page"}],"author":[{"embeddable":true,"href":"https:\/\/www.silmasaatio.fi\/sv\/wp-json\/wp\/v2\/users\/1"}],"replies":[{"embeddable":true,"href":"https:\/\/www.silmasaatio.fi\/sv\/wp-json\/wp\/v2\/comments?post=485"}],"version-history":[{"count":0,"href":"https:\/\/www.silmasaatio.fi\/sv\/wp-json\/wp\/v2\/pages\/485\/revisions"}],"up":[{"embeddable":true,"href":"https:\/\/www.silmasaatio.fi\/sv\/wp-json\/wp\/v2\/pages\/481"}],"wp:attachment":[{"href":"https:\/\/www.silmasaatio.fi\/sv\/wp-json\/wp\/v2\/media?parent=485"}],"curies":[{"name":"wp","href":"https:\/\/api.w.org\/{rel}","templated":true}]}}