{"id":487,"date":"2024-11-19T13:56:05","date_gmt":"2024-11-19T11:56:05","guid":{"rendered":"https:\/\/www.silmasaatio.fi\/silmasaatio\/silmasaation-saannot\/"},"modified":"2025-11-18T17:11:23","modified_gmt":"2025-11-18T15:11:23","slug":"silmasaatios-stadgar","status":"publish","type":"page","link":"https:\/\/www.silmasaatio.fi\/sv\/silmasaatio\/silmasaatios-stadgar\/","title":{"rendered":"Silm\u00e4s\u00e4\u00e4ti\u00f6s stadgar"},"content":{"rendered":"<h1>Silm\u00e4s\u00e4\u00e4ti\u00f6s stadgar<\/h1>\n<h3>1 \u00a7 Namn och hemort<\/h3>\n<p>Stiftelsens namn \u00e4r Silm\u00e4s\u00e4\u00e4ti\u00f6 sr och hemorten \u00e4r Helsingfors.<\/p>\n<h3>2 \u00a7 Stiftelsens syfte<\/h3>\n<p>Stiftelsens syfte \u00e4r att fr\u00e4mja och st\u00f6da forskning i \u00f6gonsjukdomar, \u00f6gonskador och \u00f6gonfel i v\u00e5rt land.<\/p>\n<h3>3 \u00a7 Implementering av stiftelsens syfte<\/h3>\n<p>Stiftelsen ska f\u00f6r att implementera sitt syfte:<\/p>\n<ul class=\"check-list\">\n<li>ge ut stipendier till specialistl\u00e4kare i \u00f6gonsjukdomar eller de som vill bli specialistl\u00e4kare i \u00f6gonsjukdomar, f\u00f6r studier eller vetenskaplig forskning antingen i hemlandet eller utomlands;<\/li>\n<li>dela ut erk\u00e4nnanden f\u00f6r meriterade personer i branschen;<\/li>\n<li>publicera litteratur i branschen eller st\u00f6da publicering av s\u00e5dan i v\u00e5rt land;<\/li>\n<li>driva eller st\u00f6da bibliotek i branschen;<\/li>\n<li>bitr\u00e4da vid anskaffning av vetenskaplig forskningsutrustning i branschen;<\/li>\n<li>driva eller st\u00f6da inr\u00e4ttningar som ut\u00f6var forskning i \u00f6gonmedicin i v\u00e5rt land;<\/li>\n<li>fr\u00e4mja finsk forskning inom \u00f6gonmedicin genom att st\u00f6da bes\u00f6k av forskare, samt;<\/li>\n<li>deltaga i verksamheten f\u00f6r \u00d6gonstiftelsernas pool f\u00f6r postdoktoral forskning och finansieringen av stipendier som rekommenderas av poolen, samt;<\/li>\n<li>implementera sitt syfte p\u00e5 \u00f6vriga motsvarande s\u00e4tt.<\/li>\n<\/ul>\n<p>Stiftelsen kan, i enlighet med sina verksamhetsformer, ge f\u00f6rdelar till Suomen Silm\u00e4l\u00e4\u00e4k\u00e4riyhdistys &#8211; \u00a0Finlands \u00d6gonl\u00e4karf\u00f6rening ry.<\/p>\n<h3>4 \u00a7 Stiftelsens f\u00f6rvaltning<\/h3>\n<p>Stiftelsens beslutande organ \u00e4r styrelsen.<\/p>\n<h3>5 \u00a7 Styrelsens sammans\u00e4ttning och mandatperiod<\/h3>\n<p>Stiftelsen har en styrelse med minst fem (5) och h\u00f6gst sju (7) medlemmar. Styrelsen kompletterar sig sj\u00e4lv. Minst tre av styrelsemedlemmarna ska vara specialistl\u00e4kare i \u00f6gonsjukdomar, med bred erfarenhet av forskning i \u00f6gonsjukdomar.<\/p>\n<p>Styrelsemedlemmarnas mandatperiod \u00e4r tre \u00e5r. Styrelsemedlemmarnas mandatperiod b\u00f6rjar den 1.5. En person kan v\u00e4ljas till styrelsemedlem h\u00f6gst fyra mandatperioder i rad.<\/p>\n<p>Om en styrelseledamot avg\u00e5r eller f\u00f6rlorar sin beh\u00f6righet att vara styrelseledamot, eller om platsen i styrelsen bli ledig p\u00e5 annat s\u00e4tt under mandatperioden, kan styrelsen v\u00e4lja en ny medlem f\u00f6r resten av mandatperioden. Om antalet medlemmar \u00e4r mindre \u00e4n vad som kr\u00e4vs f\u00f6r att beslutande organ ska vara giltigt, fyller de \u00e5terst\u00e5ende medlemmarna eller den kvarvarande medlemmen p\u00e5 s\u00e5 s\u00e4tt att styrelsen har minst 5 medlemmar.<\/p>\n<p>Styrelsen v\u00e4ljer inom sig en ordf\u00f6rande och en vice ordf\u00f6rande.<\/p>\n<h3>6 \u00a7 Styrelsens beslutsf\u00f6rhet<\/h3>\n<p>Styrelsen \u00e4r beslutsf\u00f6r d\u00e5 \u00f6ver h\u00e4lften av medlemmarna \u00e4r n\u00e4rvarande. Ett f\u00f6rslag som \u00f6ver h\u00e4lften av de n\u00e4rvarande medlemmarna underst\u00f6der blir ett beslut, om annat inte stadgas eller best\u00e4ms i lagen eller stadgarna. Om r\u00f6sterna faller j\u00e4mnt avg\u00f6r ordf\u00f6randes r\u00f6st, vid val \u00e4r det lotten som avg\u00f6r.<\/p>\n<h3>7 \u00a7 Styrelsens uppgifter<\/h3>\n<p>Styrelsen sk\u00f6ter stiftelsens f\u00f6rvaltning och ser till att stiftelsens verksamhet \u00e4r \u00e4ndam\u00e5lsenlig f\u00f6r implementeringen av syftet. Styrelsen ansvarar f\u00f6r att stiftelsens bokf\u00f6ring och finanser \u00f6vervakas p\u00e5 ett \u00e4ndam\u00e5lsenligt s\u00e4tt.<\/p>\n<h3>8 \u00a7 Stiftelsens representanter<\/h3>\n<p>Stiftelsen representeras ut\u00f6ver av styrelsen av styrelsens ordf\u00f6rande eller tv\u00e5 styrelsemedlemmar tillsammans. Styrelsen kan ge utn\u00e4mnda personer r\u00e4ttighet att representera stiftelsen.<\/p>\n<h3>12 \u00a7 R\u00e4kenskapsperiod<\/h3>\n<p>Stiftelsens r\u00e4kenskapsperiod \u00e4r ett kalender\u00e5r.<\/p>\n<h3>13 \u00a7 Revisor<\/h3>\n<p>Stiftelsen har en revisor och en vice revisor. Om ett revisionssamfund v\u00e4ljs som revisor, beh\u00f6vs ingen vice revisor.<\/p>\n<h3>14 \u00a7 Att \u00e4ndra stiftelsens stadgar och h\u00e4va stiftelsen<\/h3>\n<p>Beslut om \u00e4ndrande av stiftelsens stadgar eller h\u00e4va stiftelsen tas av styrelsen.<\/p>\n<p>Ett \u00e4ndringsf\u00f6rslag ska f\u00e5 minst 2\/3 av r\u00f6sterna f\u00f6r att godk\u00e4nnas.<\/p>\n<p>Styrelsen beslutar om h\u00e4vande av stiftelsen om 2\/3 av styrelsens alla medlemmar r\u00f6star ja till h\u00e4vande.<\/p>\n<p>Om stiftelsen h\u00e4vs eller l\u00e4ggs ned, ska stiftelsens medel \u00f6verl\u00e5tas till en i Finland registrerad stiftelse, vars syfte \u00e4r att fr\u00e4mja forskning i \u00f6gonsjukdomar.<\/p>\n","protected":false},"excerpt":{"rendered":"<p>Silm\u00e4s\u00e4\u00e4ti\u00f6s stadgar 1 \u00a7 Namn och hemort Stiftelsens namn \u00e4r Silm\u00e4s\u00e4\u00e4ti\u00f6 sr och hemorten \u00e4r Helsingfors. 2 \u00a7 Stiftelsens syfte Stiftelsens syfte \u00e4r att fr\u00e4mja&#8230;<\/p>\n","protected":false},"author":1,"featured_media":0,"parent":481,"menu_order":0,"comment_status":"closed","ping_status":"closed","template":"","meta":{"footnotes":""},"class_list":["post-487","page","type-page","status-publish","hentry"],"yoast_head":"<!-- This site is optimized with the Yoast SEO plugin v27.2 - https:\/\/yoast.com\/product\/yoast-seo-wordpress\/ -->\n<title>Silm\u00e4s\u00e4\u00e4ti\u00f6s stadgar - Silm\u00e4s\u00e4\u00e4ti\u00f6<\/title>\n<meta name=\"robots\" content=\"index, follow, max-snippet:-1, max-image-preview:large, max-video-preview:-1\" \/>\n<link rel=\"canonical\" href=\"https:\/\/www.silmasaatio.fi\/sv\/silmasaatio\/silmasaatios-stadgar\/\" \/>\n<meta property=\"og:locale\" content=\"sv_SE\" \/>\n<meta property=\"og:type\" content=\"article\" \/>\n<meta property=\"og:title\" content=\"Silm\u00e4s\u00e4\u00e4ti\u00f6s stadgar - Silm\u00e4s\u00e4\u00e4ti\u00f6\" \/>\n<meta property=\"og:description\" content=\"Silm\u00e4s\u00e4\u00e4ti\u00f6s stadgar 1 \u00a7 Namn och hemort Stiftelsens namn \u00e4r Silm\u00e4s\u00e4\u00e4ti\u00f6 sr och hemorten \u00e4r Helsingfors. 2 \u00a7 Stiftelsens syfte Stiftelsens syfte \u00e4r att fr\u00e4mja...\" \/>\n<meta property=\"og:url\" content=\"https:\/\/www.silmasaatio.fi\/sv\/silmasaatio\/silmasaatios-stadgar\/\" \/>\n<meta property=\"og:site_name\" content=\"Silm\u00e4s\u00e4\u00e4ti\u00f6\" \/>\n<meta property=\"article:modified_time\" content=\"2025-11-18T15:11:23+00:00\" \/>\n<meta property=\"og:image\" content=\"https:\/\/www.silmasaatio.fi\/wpc\/uploads\/2024\/11\/Some-FB-1200x630px.png\" \/>\n\t<meta property=\"og:image:width\" content=\"1200\" \/>\n\t<meta property=\"og:image:height\" content=\"630\" \/>\n\t<meta property=\"og:image:type\" content=\"image\/png\" \/>\n<meta name=\"twitter:card\" content=\"summary_large_image\" \/>\n<meta name=\"twitter:label1\" content=\"Est. reading time\" \/>\n\t<meta name=\"twitter:data1\" content=\"4 minutes\" \/>\n<script type=\"application\/ld+json\" class=\"yoast-schema-graph\">{\"@context\":\"https:\/\/schema.org\",\"@graph\":[{\"@type\":\"WebPage\",\"@id\":\"https:\/\/www.silmasaatio.fi\/sv\/silmasaatio\/silmasaatios-stadgar\/\",\"url\":\"https:\/\/www.silmasaatio.fi\/sv\/silmasaatio\/silmasaatios-stadgar\/\",\"name\":\"Silm\u00e4s\u00e4\u00e4ti\u00f6s stadgar - Silm\u00e4s\u00e4\u00e4ti\u00f6\",\"isPartOf\":{\"@id\":\"https:\/\/www.silmasaatio.fi\/sv\/#website\"},\"datePublished\":\"2024-11-19T11:56:05+00:00\",\"dateModified\":\"2025-11-18T15:11:23+00:00\",\"breadcrumb\":{\"@id\":\"https:\/\/www.silmasaatio.fi\/sv\/silmasaatio\/silmasaatios-stadgar\/#breadcrumb\"},\"inLanguage\":\"sv-SE\",\"potentialAction\":[{\"@type\":\"ReadAction\",\"target\":[\"https:\/\/www.silmasaatio.fi\/sv\/silmasaatio\/silmasaatios-stadgar\/\"]}]},{\"@type\":\"BreadcrumbList\",\"@id\":\"https:\/\/www.silmasaatio.fi\/sv\/silmasaatio\/silmasaatios-stadgar\/#breadcrumb\",\"itemListElement\":[{\"@type\":\"ListItem\",\"position\":1,\"name\":\"Etusivu\",\"item\":\"https:\/\/www.silmasaatio.fi\/sv\/\"},{\"@type\":\"ListItem\",\"position\":2,\"name\":\"Silm\u00e4s\u00e4\u00e4ti\u00f6\",\"item\":\"https:\/\/www.silmasaatio.fi\/sv\/silmasaatio\/\"},{\"@type\":\"ListItem\",\"position\":3,\"name\":\"Silm\u00e4s\u00e4\u00e4ti\u00f6s stadgar\"}]},{\"@type\":\"WebSite\",\"@id\":\"https:\/\/www.silmasaatio.fi\/sv\/#website\",\"url\":\"https:\/\/www.silmasaatio.fi\/sv\/\",\"name\":\"Silm\u00e4s\u00e4\u00e4ti\u00f6\",\"description\":\"Edist\u00e4mme ja tuemme silmien terveyteen liittyv\u00e4\u00e4 tieteellist\u00e4 tutkimusta\",\"publisher\":{\"@id\":\"https:\/\/www.silmasaatio.fi\/sv\/#organization\"},\"potentialAction\":[{\"@type\":\"SearchAction\",\"target\":{\"@type\":\"EntryPoint\",\"urlTemplate\":\"https:\/\/www.silmasaatio.fi\/sv\/?s={search_term_string}\"},\"query-input\":{\"@type\":\"PropertyValueSpecification\",\"valueRequired\":true,\"valueName\":\"search_term_string\"}}],\"inLanguage\":\"sv-SE\"},{\"@type\":\"Organization\",\"@id\":\"https:\/\/www.silmasaatio.fi\/sv\/#organization\",\"name\":\"Silm\u00e4s\u00e4\u00e4ti\u00f6\",\"url\":\"https:\/\/www.silmasaatio.fi\/sv\/\",\"logo\":{\"@type\":\"ImageObject\",\"inLanguage\":\"sv-SE\",\"@id\":\"https:\/\/www.silmasaatio.fi\/sv\/#\/schema\/logo\/image\/\",\"url\":\"https:\/\/www.silmasaatio.fi\/wpc\/uploads\/2024\/11\/favicon.png\",\"contentUrl\":\"https:\/\/www.silmasaatio.fi\/wpc\/uploads\/2024\/11\/favicon.png\",\"width\":512,\"height\":512,\"caption\":\"Silm\u00e4s\u00e4\u00e4ti\u00f6\"},\"image\":{\"@id\":\"https:\/\/www.silmasaatio.fi\/sv\/#\/schema\/logo\/image\/\"}}]}<\/script>\n<!-- \/ Yoast SEO plugin. -->","yoast_head_json":{"title":"Silm\u00e4s\u00e4\u00e4ti\u00f6s stadgar - Silm\u00e4s\u00e4\u00e4ti\u00f6","robots":{"index":"index","follow":"follow","max-snippet":"max-snippet:-1","max-image-preview":"max-image-preview:large","max-video-preview":"max-video-preview:-1"},"canonical":"https:\/\/www.silmasaatio.fi\/sv\/silmasaatio\/silmasaatios-stadgar\/","og_locale":"sv_SE","og_type":"article","og_title":"Silm\u00e4s\u00e4\u00e4ti\u00f6s stadgar - Silm\u00e4s\u00e4\u00e4ti\u00f6","og_description":"Silm\u00e4s\u00e4\u00e4ti\u00f6s stadgar 1 \u00a7 Namn och hemort Stiftelsens namn \u00e4r Silm\u00e4s\u00e4\u00e4ti\u00f6 sr och hemorten \u00e4r Helsingfors. 2 \u00a7 Stiftelsens syfte Stiftelsens syfte \u00e4r att fr\u00e4mja...","og_url":"https:\/\/www.silmasaatio.fi\/sv\/silmasaatio\/silmasaatios-stadgar\/","og_site_name":"Silm\u00e4s\u00e4\u00e4ti\u00f6","article_modified_time":"2025-11-18T15:11:23+00:00","og_image":[{"width":1200,"height":630,"url":"https:\/\/www.silmasaatio.fi\/wpc\/uploads\/2024\/11\/Some-FB-1200x630px.png","type":"image\/png"}],"twitter_card":"summary_large_image","twitter_misc":{"Est. reading time":"4 minutes"},"schema":{"@context":"https:\/\/schema.org","@graph":[{"@type":"WebPage","@id":"https:\/\/www.silmasaatio.fi\/sv\/silmasaatio\/silmasaatios-stadgar\/","url":"https:\/\/www.silmasaatio.fi\/sv\/silmasaatio\/silmasaatios-stadgar\/","name":"Silm\u00e4s\u00e4\u00e4ti\u00f6s stadgar - Silm\u00e4s\u00e4\u00e4ti\u00f6","isPartOf":{"@id":"https:\/\/www.silmasaatio.fi\/sv\/#website"},"datePublished":"2024-11-19T11:56:05+00:00","dateModified":"2025-11-18T15:11:23+00:00","breadcrumb":{"@id":"https:\/\/www.silmasaatio.fi\/sv\/silmasaatio\/silmasaatios-stadgar\/#breadcrumb"},"inLanguage":"sv-SE","potentialAction":[{"@type":"ReadAction","target":["https:\/\/www.silmasaatio.fi\/sv\/silmasaatio\/silmasaatios-stadgar\/"]}]},{"@type":"BreadcrumbList","@id":"https:\/\/www.silmasaatio.fi\/sv\/silmasaatio\/silmasaatios-stadgar\/#breadcrumb","itemListElement":[{"@type":"ListItem","position":1,"name":"Etusivu","item":"https:\/\/www.silmasaatio.fi\/sv\/"},{"@type":"ListItem","position":2,"name":"Silm\u00e4s\u00e4\u00e4ti\u00f6","item":"https:\/\/www.silmasaatio.fi\/sv\/silmasaatio\/"},{"@type":"ListItem","position":3,"name":"Silm\u00e4s\u00e4\u00e4ti\u00f6s stadgar"}]},{"@type":"WebSite","@id":"https:\/\/www.silmasaatio.fi\/sv\/#website","url":"https:\/\/www.silmasaatio.fi\/sv\/","name":"Silm\u00e4s\u00e4\u00e4ti\u00f6","description":"Edist\u00e4mme ja tuemme silmien terveyteen liittyv\u00e4\u00e4 tieteellist\u00e4 tutkimusta","publisher":{"@id":"https:\/\/www.silmasaatio.fi\/sv\/#organization"},"potentialAction":[{"@type":"SearchAction","target":{"@type":"EntryPoint","urlTemplate":"https:\/\/www.silmasaatio.fi\/sv\/?s={search_term_string}"},"query-input":{"@type":"PropertyValueSpecification","valueRequired":true,"valueName":"search_term_string"}}],"inLanguage":"sv-SE"},{"@type":"Organization","@id":"https:\/\/www.silmasaatio.fi\/sv\/#organization","name":"Silm\u00e4s\u00e4\u00e4ti\u00f6","url":"https:\/\/www.silmasaatio.fi\/sv\/","logo":{"@type":"ImageObject","inLanguage":"sv-SE","@id":"https:\/\/www.silmasaatio.fi\/sv\/#\/schema\/logo\/image\/","url":"https:\/\/www.silmasaatio.fi\/wpc\/uploads\/2024\/11\/favicon.png","contentUrl":"https:\/\/www.silmasaatio.fi\/wpc\/uploads\/2024\/11\/favicon.png","width":512,"height":512,"caption":"Silm\u00e4s\u00e4\u00e4ti\u00f6"},"image":{"@id":"https:\/\/www.silmasaatio.fi\/sv\/#\/schema\/logo\/image\/"}}]}},"_links":{"self":[{"href":"https:\/\/www.silmasaatio.fi\/sv\/wp-json\/wp\/v2\/pages\/487","targetHints":{"allow":["GET"]}}],"collection":[{"href":"https:\/\/www.silmasaatio.fi\/sv\/wp-json\/wp\/v2\/pages"}],"about":[{"href":"https:\/\/www.silmasaatio.fi\/sv\/wp-json\/wp\/v2\/types\/page"}],"author":[{"embeddable":true,"href":"https:\/\/www.silmasaatio.fi\/sv\/wp-json\/wp\/v2\/users\/1"}],"replies":[{"embeddable":true,"href":"https:\/\/www.silmasaatio.fi\/sv\/wp-json\/wp\/v2\/comments?post=487"}],"version-history":[{"count":0,"href":"https:\/\/www.silmasaatio.fi\/sv\/wp-json\/wp\/v2\/pages\/487\/revisions"}],"up":[{"embeddable":true,"href":"https:\/\/www.silmasaatio.fi\/sv\/wp-json\/wp\/v2\/pages\/481"}],"wp:attachment":[{"href":"https:\/\/www.silmasaatio.fi\/sv\/wp-json\/wp\/v2\/media?parent=487"}],"curies":[{"name":"wp","href":"https:\/\/api.w.org\/{rel}","templated":true}]}}