{"id":493,"date":"2024-11-19T14:18:08","date_gmt":"2024-11-19T12:18:08","guid":{"rendered":"https:\/\/www.silmasaatio.fi\/silmasaatio\/verksamhetsberattelse\/toimintakertomus-2021\/"},"modified":"2024-11-22T12:31:54","modified_gmt":"2024-11-22T10:31:54","slug":"verksamhetsberattelse-2021","status":"publish","type":"page","link":"https:\/\/www.silmasaatio.fi\/sv\/silmasaatio\/verksamhetsberattelse\/verksamhetsberattelse-2021\/","title":{"rendered":"Verksamhetsber\u00e4ttelse 2021"},"content":{"rendered":"<h2 class=\"h1\">Verksamhetsber\u00e4ttelse 2021<\/h2>\n<p><strong>STIFTELSENS SEXTIOANDRA VERKSAMHETS\u00c5R<\/strong><\/p>\n<p>Silm\u00e4s\u00e4\u00e4ti\u00f6s syfte \u00e4r att fr\u00e4mja och st\u00f6dja vetenskaplig forskning om \u00f6gonsjukdomar, \u00f6gonskador och synfel. F\u00f6r att verkst\u00e4lla syftet har stiftelsen delat ut stipendier och bedrivit annan verksamhet under 2021.<\/p>\n<p>Silm\u00e4s\u00e4\u00e4ti\u00f6 \u00e4r medlem i Stiftelsernas och fondernas delegation.<\/p>\n<h2>Stiftelsens stipendier<\/h2>\n<p>Stipendier f\u00f6r totalt 671\u00a0521\u00a0euro s\u00f6ktes av stiftelsen och\u00a0<strong>481\u00a0950\u00a0euro<\/strong>\u00a0delades ut till 27\u00a0forskare eller forskningsgrupper.<\/p>\n<p>De stipendier som beviljades f\u00f6rdelades enligt f\u00f6ljande:<\/p>\n<ul class=\"check-list\">\n<li>stora projektstipendier (h\u00f6gst 50\u00a0000\u00a0euro), \u00e5tta forskare<\/li>\n<li>stipendier f\u00f6r 2\u20133\u00a0\u00e5r (h\u00f6gst 15\u00a0000\u00a0euro), \u00e5tta forskare<\/li>\n<li>stipendier f\u00f6r ett \u00e5r (h\u00f6gst 15\u00a0000\u00a0euro), tio forskare<\/li>\n<li>prisstipendier (3\u00a0000\u00a0euro), sex forskare<\/li>\n<\/ul>\n<p>J\u00e4mf\u00f6rt med tidigare \u00e5r \u00f6kade det totala ans\u00f6kningsbeloppet och det utdelade beloppet. Enligt stiftelsens bed\u00f6mning beror detta p\u00e5 tv\u00e5 faktorer. F\u00f6r det f\u00f6rsta ans\u00f6kte forskare \u00e5ret innan om f\u00e4rre stipendier fr\u00e5n stiftelsen \u00e4n under normala \u00e5r, p\u00e5 grund av coronapandemin. D\u00e5 f\u00f6rsv\u00e5rade pandemil\u00e4get m\u00e5nga kliniska unders\u00f6kningar. F\u00f6r det andra vill stiftelsen, eftersom det har varit sv\u00e5ra tider, svara p\u00e5 den \u00f6kade efterfr\u00e5gan genom att dela ut mer stipendier \u00e4n under normala \u00e5r. I \u00e5r g\u00e4llde ans\u00f6kningarna i h\u00f6gre grad omfattande projektstipendier \u00e4n stipendier f\u00f6r doktorsavhandlingsprojekt.<\/p>\n<p>Stiftelsen ordnade utdelningen av stipendier i samband med h\u00f6stutbildningsdagarna f\u00f6r Finlands \u00d6gonl\u00e4karf\u00f6rbund den 20 november 2021 i Ule\u00e5borg. Stipendierna delades ut av stiftelsens styrelseordf\u00f6rande Jukka Moilanen och stiftelsens ombud Roy Siljam\u00e4ki.<\/p>\n<h2>Stipendier som delades ut 2021:<\/h2>\n<p><strong>Torsten och Lea Laines fond<br \/>\n<\/strong>ML Anni Stadigh, 5\u00a0000 euro<br \/>\n<em>\u201cUtveckling, framskridande och behandling av glaukom i \u00f6gon med uvealt melanom\u201d<\/em><\/p>\n<p>MD Anu Vaajanen, 5\u00a0000 euro<br \/>\n<em>\u201c\u00d6gats lokala renin-angiotensinsystem \u2013 nytt objekt f\u00f6r utveckling av glaukoml\u00e4kemedel?\u201d<\/em><\/p>\n<p><strong>M\u00e4rta och Aarne Koskelos fond<br \/>\n<\/strong>ML Marianne Ala-Kauhaluoma, 15\u00a0000 euro<br \/>\n<em>\u201cUnders\u00f6kningsfynd i \u00f6gon hos patienter med hals\u00e5derf\u00f6rtr\u00e4ngning f\u00f6re och efter halsart\u00e4rkirurgi\u201d<\/em><\/p>\n<p>MD Laura Knaapi, 10\u00a0000 euro<br \/>\n<em>\u201cBed\u00f6mning av den faktiska storleken p\u00e5 perifera detaljer i \u00f6gonbotten genom \u00f6gonbottenfotografering: klinisk verifiering av en matematisk algoritm\u201d<\/em><\/p>\n<p>MD Niko Set\u00e4l\u00e4, 13\u00a0000 euro<br \/>\n<em>\u201cT\u00e5rv\u00e4tskans lipider vid Parkinsons sjukdom \u2013 diagnostiska m\u00f6jligheter och potentiella biomark\u00f6rer\u201d<\/em><\/p>\n<p>MD, bitr\u00e4dande professor Sirpa Loukovaara, 50\u00a0000 euro<br \/>\n<em>\u201cK\u00e4rlinv\u00e4xning, inflammations- och \u00e4rrprocesser \u2013 forskning om mekanismerna f\u00f6r PDR och PVR bakre sjukdomar som orsakar blindhet\u201d<\/em><\/p>\n<p>Professor Kai Kaarniranta, 40\u00a0000 euro<br \/>\n<em>\u201cFettsyrornas betydelse f\u00f6r att celler p\u00e5 \u00f6gats yta ska m\u00e5 bra\u201d<\/em><\/p>\n<p><strong>Professor\u00a0<a href=\"https:\/\/sv.wikipedia.org\/wiki\/John_G._Lindberg\" target=\"_blank\" rel=\"noopener\">John Gustaf Lindbergs<\/a>\u00a0fond<br \/>\n<\/strong>ML Aapo Virtanen, 4\u00a0500 euro<br \/>\n<em>\u201cDiabetes och statinernas f\u00f6rh\u00e5llande till incidensen av \u00f6ppenvinkelglaukom, dess framskridande och resultaten av kirurgisk v\u00e5rd\u201d<\/em><\/p>\n<p><strong>Kaukomarkkinat Oy:s fond<br \/>\n<\/strong>ML Joonas Wirkkala, 13\u00a0000 euro<br \/>\n<em>\u201cNuvarande v\u00e5rd av sv\u00e5r diabetisk n\u00e4thinnesjukdom och effekten p\u00e5 synf\u00f6rm\u00e5gan\u201d<\/em><\/p>\n<p><strong>Margareta och Valborg Norrm\u00e9ns fond<br \/>\n<\/strong>ML Ahmad Sahraravand, 6 000 euro<br \/>\n\u201c\u00d6gon<em>skador hos personer i arbetsf\u00f6r \u00e5lder och \u00e4ldre i s\u00f6dra Finland \u2013 orsaker, typer av skador och kostnader\u201d<\/em><\/p>\n<p>ML Joel Pitk\u00e4nen, 7 000 euro<br \/>\n<em>\u201cStorleken och formen p\u00e5 synnervspapillen och de faktorer som p\u00e5verkar detta i norra Finlands f\u00f6delsekohort\u201d<\/em><\/p>\n<p><strong>Professor Erkki Tuovinens fond<br \/>\n<\/strong>ML Maarit Kulmala, 15\u00a0000 euro<br \/>\n<em>\u201cSena effekter av prematuritet p\u00e5 synen, h\u00e4lsotillst\u00e5ndet och v\u00e4lbefinnandet i vuxen \u00e5lder \u2013 prematurers h\u00e4lsa i vuxen \u00e5lder, delunders\u00f6kning i 35\u201340-\u00e5rsunders\u00f6kning\u201d<\/em><\/p>\n<p><strong>Professor Salme Vannas fond<br \/>\n<\/strong>ML Paula Niinim\u00e4ki, 15\u00a0000 euro<br \/>\n<em>\u201cSkivepitelcancer och talgk\u00f6rtelcancer i \u00f6gonlock och \u00f6gats ytliga delar i Finland\u201d<\/em><\/p>\n<p><strong>Aleksi och Laina Patamas fond<br \/>\n<\/strong>Docent Olavi P\u00e4rssinen, 11\u00a0250 euro<br \/>\n<em>\u201cF\u00f6rekomsten av brytningsfel i Finland 2020\u201d<\/em><\/p>\n<p><strong>Satu Tiivolas fond<br \/>\n<\/strong>Docent Anna Majander, 25\u00a0000 euro<br \/>\n<em>\u201cInfantilt hemangiom i \u00f6gonregionen\u201d<\/em><\/p>\n<p><strong>Silm\u00e4s\u00e4\u00e4ti\u00f6s fond<br \/>\n<\/strong>ML Mira Siiskonen, 6\u00a0700 euro<br \/>\n<em>\u201cUveit hos barn i norra Finland\u201d<\/em><\/p>\n<p>MD Susanna Jouhi, 7\u00a0500 euro<br \/>\n<em>\u201cBehandling av sm\u00e5 uveala melanom\u201d<\/em><\/p>\n<p>Professor Nina Hautala, 25\u00a0000 euro<br \/>\n<em>\u201cResultat av l\u00e5ngtidsuppf\u00f6ljning av anti-VEGF-behandling av diabetiskt makula\u00f6dem och v\u00e5t \u00e5ldersbetingad makuladegeneration\u201d<\/em><\/p>\n<p>Docent Hannele Uusitalo-J\u00e4rvinen, 30\u00a0000 euro<br \/>\n<em>\u201cKontinuerlig bed\u00f6mning av data i \u00f6gonsjukdomarnas reala v\u00e4rld\u201d<\/em><\/p>\n<p>ML Terhi Ollila, 7\u00a0000 euro<br \/>\n<em>\u201cResultat av behandling av v\u00e5t \u00e5ldersbetingad makuladegeneration i \u00f6gonbotten och faktorer som p\u00e5verkar resultaten p\u00e5 befolkningsniv\u00e5\u201d<\/em><\/p>\n<p>Docent Joni Turunen, 50\u00a0000 euro<br \/>\n<em>\u201cOf\u00f6rklarliga \u00e4rftliga \u00f6gonsjukdomar\u201d<\/em><\/p>\n<p>ML Olli Ala-Fossi, 13\u00a0000 euro<br \/>\n<em>\u201cPrognostiska faktorer f\u00f6r upprepade hornhinnetransplantationer\u201d<\/em><\/p>\n<p>Medicine kandidat, DI Toni Tamminen, 4\u00a0500 euro<br \/>\n<em>\u201cSjukdomsmodell f\u00f6r \u00e5ldersbetingad makuladegeneration och behandlingsbarhet med f\u00f6reningar som inducerar autofagi\u201d<\/em><\/p>\n<p>ML Sonja Kiehel\u00e4, 4\u00a0500 euro<br \/>\n<em>\u201cAntalet glaskropps- och n\u00e4thinneoperationer och behandlingsresultat 2009\u20132019 vid HUS \u00d6gonklinik\u201d<\/em><\/p>\n<p>Docent Paula Summanen, 50\u00a0000 euro<br \/>\n<em>\u201cScreeningavbildning och uppf\u00f6ljande avbildning av diabetesretinopati som ordnas av HUS \u00d6gonsjukdomar samt maskininl\u00e4rning (HUSDRML)\u201d<\/em><\/p>\n<p>ML Niko Viskari, 4\u00a0500 euro<br \/>\n<em>\u201cKeratit orsakad av b\u00e4ltros vid HUS klinik f\u00f6r \u00f6gonsjukdomar\u201d<\/em><\/p>\n<p>ML Kalle Nummi, 7\u00a0000 euro<br \/>\n<em>\u201cRetinoblastom i Finland 1964\u20132014\u201d<\/em><\/p>\n<p>ML Anna Schlenzka, 4\u00a0500 euro<br \/>\n<em>\u201c\u00d6gonsymtom och -fynd hos patienter med ansiktsfrakturer i HUS-omr\u00e5det 2013\u20132018, retrospektiv studie\u201d<\/em><\/p>\n<p>ML Sanna Leinonen, 15\u00a0000 euro<br \/>\n<em>\u201cMS och uveit\u201d<\/em><\/p>\n<p><strong>Professor Signe L\u00f6fgrens stipendium f\u00f6r doktorsexamen inom \u00f6gonsjukdomar<br \/>\n<\/strong>MD Sanna Leinonen, 3\u00a0000 euro<br \/>\n\u201cB<em>ehandling och komplikationer av uveit vid barnreumatism\u201d<\/em><\/p>\n<p>MD Susanna Jouhi, 3 000 euro<br \/>\n<em>\u201cDiagnostik och behandling f\u00f6r sm\u00e5 uveala melanom\u201d<\/em><\/p>\n<p>MD Elina Rantala, 3 000 euro<br \/>\n<em>\u201cDiagnos och \u00f6verlevnad vid spritt uvealt melanom\u201d<\/em><\/p>\n<p>MD Juha-Matti Lindholm, 3 000 euroa<br \/>\n<em>\u201cF\u00f6rebyggande och behandling av komplikationer efter starroperation\u201d<\/em><\/p>\n<p>MD Reeta Danni, 3 000 euro<br \/>\n<em>\u201cCystiskt makula\u00f6dem hos diabetiker efter starroperation\u201d<\/em><\/p>\n<p>MD Kati \u00c5djers, 3 000 euro<br \/>\n<em>\u201cGenetik f\u00f6r signalsubstanser f\u00f6r inflammation vid atopi och astma hos vuxna\u201d<\/em><\/p>\n<h2>Utdelning av Mauno Vannas-medaljen<\/h2>\n<p>Medaljen beviljas med minst fem (5) \u00e5rs mellanrum sedan 2016 till en inom \u00f6gonforskningen meriterad finl\u00e4ndsk eller utl\u00e4ndsk \u00f6gonl\u00e4kare.<\/p>\n<p>Medaljen delades ut till professor Ilkka Immonen i samband med h\u00f6stutbildningsdagarna f\u00f6r Finlands \u00d6gonl\u00e4karf\u00f6rbund den 20 november 2021 i Ule\u00e5borg. Ilkka Immonen h\u00f6ll ett festtal i \u00e4mnet:\u00a0<em>N\u00e4thinneavlossningar i siffror<\/em><\/p>\n<h2>Donationer<\/h2>\n<p>Under \u00e5ret mottog stiftelsen totalt 5\u00a0300 euro av f\u00f6ljande donatorer.<\/p>\n<p>Via webbplatsens g\u00e5vofunktion \u2013 donationer p\u00e5 5\u00a0000\u00a0euro, 200\u00a0euro och 100\u00a0euro. Donatorerna ville f\u00f6rbli anonyma.<\/p>\n<h2>Ekonomi<\/h2>\n<p>Balansomslutningen vid \u00e5rets slut 2021 var\u00a0<strong>19\u00a0641\u00a0067,47<\/strong>\u00a0euro och marknadsv\u00e4rdet p\u00e5 stiftelsens placeringstillg\u00e5ngar cirka\u00a0<strong>22,8\u00a0miljoner euro<\/strong>. Marknadsv\u00e4rdet p\u00e5 hela placeringsportf\u00f6ljen steg med 17,4\u00a0procent. Alla tillg\u00e5ngsslag hade en god avkastning under \u00e5ret.<\/p>\n<p>I slutet av \u00e5ret var 67,6\u00a0procent av stiftelsens placeringstillg\u00e5ngar placerade p\u00e5 aktiemarknaden, 10,5\u00a0procent p\u00e5 r\u00e4ntemarknaden, 9\u00a0procent i fastighetsfonder, 6,5\u00a0procent i skogsfonder och 5,4\u00a0procent i alternativa investeringar. 1\u00a0procent fanns i kassan.<\/p>\n<p>R\u00e4kenskapsperiodens resultat var<strong>\u00a02\u00a0671\u00a0225,10<\/strong>\u00a0euro.<\/p>\n<h2>F\u00f6rvaltning<\/h2>\n<h3>Till delegationen h\u00f6r:<\/h3>\n<p>Kommerser\u00e5d Jyrki Liljeroos, ordf\u00f6rande, mandatperioden upph\u00f6r 2024<br \/>\nProfessor Leila Laatikainen, vice ordf\u00f6rande, mandatperioden upph\u00f6r 2024<\/p>\n<p>Professor Juhani H\u00e4rm\u00e4, mandatperioden upph\u00f6r 2022<br \/>\nProfessor Ilkka Immonen, mandatperioden upph\u00f6r 2022<br \/>\nBergsr\u00e5d Matti Kavetvuo, mandatperioden upph\u00f6r 2022<br \/>\nDocent P\u00e4ivi Puska, mandatperioden upph\u00f6r 2023<br \/>\nViceh\u00e4radsh\u00f6vding Harrieth Rydberg, mandatperioden upph\u00f6r 2022<br \/>\nProfessor Hannu Sariola, mandatperioden upph\u00f6r 2022<br \/>\nStyrelsens ordf\u00f6rande Raimo Voipio, mandatperioden upph\u00f6r 2023<\/p>\n<p>Delegationens mandatperiod \u00e4r tre \u00e5r.<\/p>\n<p>Inga arvoden betalades till delegationens medlemmar.<\/p>\n<p>\u00c5rsm\u00f6tet f\u00f6r stiftelsens delegation h\u00f6lls p\u00e5 grund av coronaepidemin p\u00e5 distans den 25 mars 2021.<\/p>\n<h3>Till styrelsen h\u00f6r:<\/h3>\n<p>Docent Jukka Moilanen, ordf\u00f6rande, medlem sedan 2019, mandatperioden upph\u00f6r 2022<br \/>\nEM Arto Meitsalo, vice ordf\u00f6rande, medlem sedan 2012, mandatperioden upph\u00f6r 2022<\/p>\n<p>Bitr\u00e4dande professor Mika Harju, medlem sedan 2021, mandatperioden upph\u00f6r 2024<br \/>\nDocent Anna Majander, medlem sedan 2017, mandatperioden upph\u00f6r 2023<br \/>\nEM Sami Saarnio, medlem sedan 2020, mandatperioden upph\u00f6r 2023<br \/>\nEM, juris kandidat Pauliina Rannikko, medlem sedan 2015, mandatperioden upph\u00f6r 2024<\/p>\n<p>Styrelsens medlemmar har en mandatperiod p\u00e5 tre \u00e5r. Till styrelsens medlemmar betalades inga arvoden.<\/p>\n<p>Stiftelsens styrelse h\u00f6ll sex m\u00f6ten under \u00e5ret.<\/p>\n<h3>Silm\u00e4s\u00e4\u00e4ti\u00f6s revisor:<\/h3>\n<p>Stiftelsens revisor 2021 var revisionssamfundet BDO Ab, och ansvarig revisor CGR, OFGR Ari Lehto.<\/p>\n<h3>Silm\u00e4s\u00e4\u00e4ti\u00f6s ombud och ekonomif\u00f6rvaltning:<\/h3>\n<p>Stiftelsens ombud p\u00e5 deltid var politices magister Roy Siljam\u00e4ki. Stiftelsens kontor fanns p\u00e5 Salomonsgatan 17 A, 00100 Helsingfors.<\/p>\n<p>Stiftelsens bokf\u00f6rare \u00e4r sedan b\u00f6rjan av 2015 Tiliaktiiva Oy.<\/p>\n<h2>Silm\u00e4s\u00e4\u00e4ti\u00f6s doktorforskarpool<\/h2>\n<p>Silm\u00e4s\u00e4\u00e4ti\u00f6 \u00e4r med i en doktorforskarpool f\u00f6r stiftelser som st\u00f6djer forskning om \u00f6gonsjukdomar.<\/p>\n<p>Ut\u00f6ver Silm\u00e4s\u00e4\u00e4ti\u00f6 ing\u00e5r f\u00f6ljande stiftelser i poolen:<\/p>\n<p><a href=\"http:\/\/www.nissinsaatio.fi\/\">Evald och Hilda Nissis stiftelse<\/a><br \/>\n<a href=\"http:\/\/www.foundationweb.net\/glaukooma\/index.html\">Glaukooma Tukis\u00e4\u00e4ti\u00f6 LUX<\/a><br \/>\n<a href=\"http:\/\/www.marygeorg.fi\/saatio.html\">Mary och Georg C. Ehrnrooths stiftelse<\/a><br \/>\n<a href=\"http:\/\/www.silmakudossaatio.fi\/\">\u00d6gon- och v\u00e4vnadsbankstiftelsen<\/a><\/p>\n<p>Doktorforskarpoolen \u00e4r avsedd att fr\u00e4mja \u00f6gonforskarnas forskningsarbete utomlands efter doktorsexamen i medicin, filosofi eller annan disciplin. Stipendium kan beviljas en ung forskande l\u00e4kare eller en annan \u00f6gonforskare som doktorerat, f\u00f6r klinisk forskning eller grundforskning. \u00c5r 2021 delade inte poolen ut n\u00e5gra stipendier.<\/p>\n<p><strong>H\u00e4ndelser i n\u00e4rst\u00e5endekretsen<\/strong><\/p>\n<p>Till stiftelsens ombud har 39\u00a0204\u00a0euro betalats i l\u00f6n och f\u00f6rm\u00e5ner.<\/p>\n<p>Styrelsemedlemmen docent Anna Majander beviljades ett stort projektstipendium p\u00e5 25\u00a0000\u00a0euro. Anna Majander j\u00e4vade sig vid behandlingen av stipendiet.<\/p>\n<p><strong>Utsikter inf\u00f6r 2022<\/strong><\/p>\n<p>Inga f\u00f6r\u00e4ndringar \u00e4r planerade i stiftelsens grunduppgift, det vill s\u00e4ga forskning i \u00f6gonsjukdomar. Om verksamhetsmilj\u00f6n medger det bevaras stipendiesumman p\u00e5 drygt 400\u00a0000\u00a0euro.<\/p>\n<p>Under \u00e5ret kommer vi igen att satsa p\u00e5 medelinsamling. Tillsammans med delegationen kommer vi att \u00f6verv\u00e4ga nya s\u00e4tt att effektivisera medelinsamlingen och att \u00f6ka k\u00e4nnedomen om Silm\u00e4s\u00e4\u00e4ti\u00f6.<\/p>\n<p>Till h\u00f6sten 2022 planeras en f\u00f6rel\u00e4sning om \u00f6gonsjukdomar och behandlingen av dem. I samband med f\u00f6rel\u00e4sningen delas sannolikt n\u00e4sta \u00e5rs stipendier ut.<\/p>\n<p>I slutet av januari 2022 gick aktieindexen ned p\u00e5 global niv\u00e5. Sedan \u00e5rsskiftet har USA:s aktier sjunkit med cirka 8\u00a0procent och Europas aktier med cirka 5\u00a0procent.\u00a0 I synnerhet i USA har aktiekurserna i stora teknikbolag g\u00e5tt ned avsev\u00e4rt.\u00a0 Fed h\u00f6jer antagligen styrr\u00e4ntorna flera g\u00e5nger under \u00e5ret p\u00e5 grund av inflationen. Enligt den allm\u00e4nna synen \u00e4r den globala ekonomin fortfarande stark, liksom f\u00f6retagens resultat.<\/p>\n","protected":false},"excerpt":{"rendered":"<p>Verksamhetsber\u00e4ttelse 2021 STIFTELSENS SEXTIOANDRA VERKSAMHETS\u00c5R Silm\u00e4s\u00e4\u00e4ti\u00f6s syfte \u00e4r att fr\u00e4mja och st\u00f6dja vetenskaplig forskning om \u00f6gonsjukdomar, \u00f6gonskador och synfel. F\u00f6r att verkst\u00e4lla syftet har stiftelsen&#8230;<\/p>\n","protected":false},"author":1,"featured_media":0,"parent":491,"menu_order":0,"comment_status":"closed","ping_status":"closed","template":"","meta":{"footnotes":""},"class_list":["post-493","page","type-page","status-publish","hentry"],"yoast_head":"<!-- This site is optimized with the Yoast SEO plugin v27.2 - https:\/\/yoast.com\/product\/yoast-seo-wordpress\/ -->\n<title>Verksamhetsber\u00e4ttelse 2021 - Silm\u00e4s\u00e4\u00e4ti\u00f6<\/title>\n<meta name=\"robots\" content=\"index, follow, max-snippet:-1, max-image-preview:large, max-video-preview:-1\" \/>\n<link rel=\"canonical\" href=\"https:\/\/www.silmasaatio.fi\/sv\/silmasaatio\/verksamhetsberattelse\/verksamhetsberattelse-2021\/\" \/>\n<meta property=\"og:locale\" content=\"sv_SE\" \/>\n<meta property=\"og:type\" content=\"article\" \/>\n<meta property=\"og:title\" content=\"Verksamhetsber\u00e4ttelse 2021 - Silm\u00e4s\u00e4\u00e4ti\u00f6\" \/>\n<meta property=\"og:description\" content=\"Verksamhetsber\u00e4ttelse 2021 STIFTELSENS SEXTIOANDRA VERKSAMHETS\u00c5R Silm\u00e4s\u00e4\u00e4ti\u00f6s syfte \u00e4r att fr\u00e4mja och st\u00f6dja vetenskaplig forskning om \u00f6gonsjukdomar, \u00f6gonskador och synfel. F\u00f6r att verkst\u00e4lla syftet har stiftelsen...\" \/>\n<meta property=\"og:url\" content=\"https:\/\/www.silmasaatio.fi\/sv\/silmasaatio\/verksamhetsberattelse\/verksamhetsberattelse-2021\/\" \/>\n<meta property=\"og:site_name\" content=\"Silm\u00e4s\u00e4\u00e4ti\u00f6\" \/>\n<meta property=\"article:modified_time\" content=\"2024-11-22T10:31:54+00:00\" \/>\n<meta property=\"og:image\" content=\"https:\/\/www.silmasaatio.fi\/wpc\/uploads\/2024\/11\/Some-FB-1200x630px.png\" \/>\n\t<meta property=\"og:image:width\" content=\"1200\" \/>\n\t<meta property=\"og:image:height\" content=\"630\" \/>\n\t<meta property=\"og:image:type\" content=\"image\/png\" \/>\n<meta name=\"twitter:card\" content=\"summary_large_image\" \/>\n<meta name=\"twitter:label1\" content=\"Est. reading time\" \/>\n\t<meta name=\"twitter:data1\" content=\"10 minutes\" \/>\n<script type=\"application\/ld+json\" class=\"yoast-schema-graph\">{\"@context\":\"https:\/\/schema.org\",\"@graph\":[{\"@type\":\"WebPage\",\"@id\":\"https:\/\/www.silmasaatio.fi\/sv\/silmasaatio\/verksamhetsberattelse\/verksamhetsberattelse-2021\/\",\"url\":\"https:\/\/www.silmasaatio.fi\/sv\/silmasaatio\/verksamhetsberattelse\/verksamhetsberattelse-2021\/\",\"name\":\"Verksamhetsber\u00e4ttelse 2021 - Silm\u00e4s\u00e4\u00e4ti\u00f6\",\"isPartOf\":{\"@id\":\"https:\/\/www.silmasaatio.fi\/sv\/#website\"},\"datePublished\":\"2024-11-19T12:18:08+00:00\",\"dateModified\":\"2024-11-22T10:31:54+00:00\",\"breadcrumb\":{\"@id\":\"https:\/\/www.silmasaatio.fi\/sv\/silmasaatio\/verksamhetsberattelse\/verksamhetsberattelse-2021\/#breadcrumb\"},\"inLanguage\":\"sv-SE\",\"potentialAction\":[{\"@type\":\"ReadAction\",\"target\":[\"https:\/\/www.silmasaatio.fi\/sv\/silmasaatio\/verksamhetsberattelse\/verksamhetsberattelse-2021\/\"]}]},{\"@type\":\"BreadcrumbList\",\"@id\":\"https:\/\/www.silmasaatio.fi\/sv\/silmasaatio\/verksamhetsberattelse\/verksamhetsberattelse-2021\/#breadcrumb\",\"itemListElement\":[{\"@type\":\"ListItem\",\"position\":1,\"name\":\"Etusivu\",\"item\":\"https:\/\/www.silmasaatio.fi\/sv\/\"},{\"@type\":\"ListItem\",\"position\":2,\"name\":\"Silm\u00e4s\u00e4\u00e4ti\u00f6\",\"item\":\"https:\/\/www.silmasaatio.fi\/sv\/silmasaatio\/\"},{\"@type\":\"ListItem\",\"position\":3,\"name\":\"Verksamhetsber\u00e4ttelse\",\"item\":\"https:\/\/www.silmasaatio.fi\/sv\/silmasaatio\/verksamhetsberattelse\/\"},{\"@type\":\"ListItem\",\"position\":4,\"name\":\"Verksamhetsber\u00e4ttelse 2021\"}]},{\"@type\":\"WebSite\",\"@id\":\"https:\/\/www.silmasaatio.fi\/sv\/#website\",\"url\":\"https:\/\/www.silmasaatio.fi\/sv\/\",\"name\":\"Silm\u00e4s\u00e4\u00e4ti\u00f6\",\"description\":\"Edist\u00e4mme ja tuemme silmien terveyteen liittyv\u00e4\u00e4 tieteellist\u00e4 tutkimusta\",\"publisher\":{\"@id\":\"https:\/\/www.silmasaatio.fi\/sv\/#organization\"},\"potentialAction\":[{\"@type\":\"SearchAction\",\"target\":{\"@type\":\"EntryPoint\",\"urlTemplate\":\"https:\/\/www.silmasaatio.fi\/sv\/?s={search_term_string}\"},\"query-input\":{\"@type\":\"PropertyValueSpecification\",\"valueRequired\":true,\"valueName\":\"search_term_string\"}}],\"inLanguage\":\"sv-SE\"},{\"@type\":\"Organization\",\"@id\":\"https:\/\/www.silmasaatio.fi\/sv\/#organization\",\"name\":\"Silm\u00e4s\u00e4\u00e4ti\u00f6\",\"url\":\"https:\/\/www.silmasaatio.fi\/sv\/\",\"logo\":{\"@type\":\"ImageObject\",\"inLanguage\":\"sv-SE\",\"@id\":\"https:\/\/www.silmasaatio.fi\/sv\/#\/schema\/logo\/image\/\",\"url\":\"https:\/\/www.silmasaatio.fi\/wpc\/uploads\/2024\/11\/favicon.png\",\"contentUrl\":\"https:\/\/www.silmasaatio.fi\/wpc\/uploads\/2024\/11\/favicon.png\",\"width\":512,\"height\":512,\"caption\":\"Silm\u00e4s\u00e4\u00e4ti\u00f6\"},\"image\":{\"@id\":\"https:\/\/www.silmasaatio.fi\/sv\/#\/schema\/logo\/image\/\"}}]}<\/script>\n<!-- \/ Yoast SEO plugin. -->","yoast_head_json":{"title":"Verksamhetsber\u00e4ttelse 2021 - Silm\u00e4s\u00e4\u00e4ti\u00f6","robots":{"index":"index","follow":"follow","max-snippet":"max-snippet:-1","max-image-preview":"max-image-preview:large","max-video-preview":"max-video-preview:-1"},"canonical":"https:\/\/www.silmasaatio.fi\/sv\/silmasaatio\/verksamhetsberattelse\/verksamhetsberattelse-2021\/","og_locale":"sv_SE","og_type":"article","og_title":"Verksamhetsber\u00e4ttelse 2021 - Silm\u00e4s\u00e4\u00e4ti\u00f6","og_description":"Verksamhetsber\u00e4ttelse 2021 STIFTELSENS SEXTIOANDRA VERKSAMHETS\u00c5R Silm\u00e4s\u00e4\u00e4ti\u00f6s syfte \u00e4r att fr\u00e4mja och st\u00f6dja vetenskaplig forskning om \u00f6gonsjukdomar, \u00f6gonskador och synfel. F\u00f6r att verkst\u00e4lla syftet har stiftelsen...","og_url":"https:\/\/www.silmasaatio.fi\/sv\/silmasaatio\/verksamhetsberattelse\/verksamhetsberattelse-2021\/","og_site_name":"Silm\u00e4s\u00e4\u00e4ti\u00f6","article_modified_time":"2024-11-22T10:31:54+00:00","og_image":[{"width":1200,"height":630,"url":"https:\/\/www.silmasaatio.fi\/wpc\/uploads\/2024\/11\/Some-FB-1200x630px.png","type":"image\/png"}],"twitter_card":"summary_large_image","twitter_misc":{"Est. reading time":"10 minutes"},"schema":{"@context":"https:\/\/schema.org","@graph":[{"@type":"WebPage","@id":"https:\/\/www.silmasaatio.fi\/sv\/silmasaatio\/verksamhetsberattelse\/verksamhetsberattelse-2021\/","url":"https:\/\/www.silmasaatio.fi\/sv\/silmasaatio\/verksamhetsberattelse\/verksamhetsberattelse-2021\/","name":"Verksamhetsber\u00e4ttelse 2021 - Silm\u00e4s\u00e4\u00e4ti\u00f6","isPartOf":{"@id":"https:\/\/www.silmasaatio.fi\/sv\/#website"},"datePublished":"2024-11-19T12:18:08+00:00","dateModified":"2024-11-22T10:31:54+00:00","breadcrumb":{"@id":"https:\/\/www.silmasaatio.fi\/sv\/silmasaatio\/verksamhetsberattelse\/verksamhetsberattelse-2021\/#breadcrumb"},"inLanguage":"sv-SE","potentialAction":[{"@type":"ReadAction","target":["https:\/\/www.silmasaatio.fi\/sv\/silmasaatio\/verksamhetsberattelse\/verksamhetsberattelse-2021\/"]}]},{"@type":"BreadcrumbList","@id":"https:\/\/www.silmasaatio.fi\/sv\/silmasaatio\/verksamhetsberattelse\/verksamhetsberattelse-2021\/#breadcrumb","itemListElement":[{"@type":"ListItem","position":1,"name":"Etusivu","item":"https:\/\/www.silmasaatio.fi\/sv\/"},{"@type":"ListItem","position":2,"name":"Silm\u00e4s\u00e4\u00e4ti\u00f6","item":"https:\/\/www.silmasaatio.fi\/sv\/silmasaatio\/"},{"@type":"ListItem","position":3,"name":"Verksamhetsber\u00e4ttelse","item":"https:\/\/www.silmasaatio.fi\/sv\/silmasaatio\/verksamhetsberattelse\/"},{"@type":"ListItem","position":4,"name":"Verksamhetsber\u00e4ttelse 2021"}]},{"@type":"WebSite","@id":"https:\/\/www.silmasaatio.fi\/sv\/#website","url":"https:\/\/www.silmasaatio.fi\/sv\/","name":"Silm\u00e4s\u00e4\u00e4ti\u00f6","description":"Edist\u00e4mme ja tuemme silmien terveyteen liittyv\u00e4\u00e4 tieteellist\u00e4 tutkimusta","publisher":{"@id":"https:\/\/www.silmasaatio.fi\/sv\/#organization"},"potentialAction":[{"@type":"SearchAction","target":{"@type":"EntryPoint","urlTemplate":"https:\/\/www.silmasaatio.fi\/sv\/?s={search_term_string}"},"query-input":{"@type":"PropertyValueSpecification","valueRequired":true,"valueName":"search_term_string"}}],"inLanguage":"sv-SE"},{"@type":"Organization","@id":"https:\/\/www.silmasaatio.fi\/sv\/#organization","name":"Silm\u00e4s\u00e4\u00e4ti\u00f6","url":"https:\/\/www.silmasaatio.fi\/sv\/","logo":{"@type":"ImageObject","inLanguage":"sv-SE","@id":"https:\/\/www.silmasaatio.fi\/sv\/#\/schema\/logo\/image\/","url":"https:\/\/www.silmasaatio.fi\/wpc\/uploads\/2024\/11\/favicon.png","contentUrl":"https:\/\/www.silmasaatio.fi\/wpc\/uploads\/2024\/11\/favicon.png","width":512,"height":512,"caption":"Silm\u00e4s\u00e4\u00e4ti\u00f6"},"image":{"@id":"https:\/\/www.silmasaatio.fi\/sv\/#\/schema\/logo\/image\/"}}]}},"_links":{"self":[{"href":"https:\/\/www.silmasaatio.fi\/sv\/wp-json\/wp\/v2\/pages\/493","targetHints":{"allow":["GET"]}}],"collection":[{"href":"https:\/\/www.silmasaatio.fi\/sv\/wp-json\/wp\/v2\/pages"}],"about":[{"href":"https:\/\/www.silmasaatio.fi\/sv\/wp-json\/wp\/v2\/types\/page"}],"author":[{"embeddable":true,"href":"https:\/\/www.silmasaatio.fi\/sv\/wp-json\/wp\/v2\/users\/1"}],"replies":[{"embeddable":true,"href":"https:\/\/www.silmasaatio.fi\/sv\/wp-json\/wp\/v2\/comments?post=493"}],"version-history":[{"count":0,"href":"https:\/\/www.silmasaatio.fi\/sv\/wp-json\/wp\/v2\/pages\/493\/revisions"}],"up":[{"embeddable":true,"href":"https:\/\/www.silmasaatio.fi\/sv\/wp-json\/wp\/v2\/pages\/491"}],"wp:attachment":[{"href":"https:\/\/www.silmasaatio.fi\/sv\/wp-json\/wp\/v2\/media?parent=493"}],"curies":[{"name":"wp","href":"https:\/\/api.w.org\/{rel}","templated":true}]}}