{"id":499,"date":"2024-11-19T14:25:45","date_gmt":"2024-11-19T12:25:45","guid":{"rendered":"https:\/\/www.silmasaatio.fi\/silmasaatio\/julkaisusarjat\/"},"modified":"2024-11-22T12:35:26","modified_gmt":"2024-11-22T10:35:26","slug":"publikationer","status":"publish","type":"page","link":"https:\/\/www.silmasaatio.fi\/sv\/silmasaatio\/publikationer\/","title":{"rendered":"Publikationer"},"content":{"rendered":"<h1>Publikationer som publicerats i Silm\u00e4s\u00e4\u00e4ti\u00f6s publikationsserie<\/h1>\n<p><strong>Publikation nummer 1<\/strong>\u00a0 1987. <a class=\"bold-link\" href=\"https:\/\/www.silmasaatio.fi\/wpc\/uploads\/2024\/11\/Signe-Lofgren-1897-1969.pdf\" target=\"_blank\" rel=\"noopener noreferrer\">Signe L\u00f6fgren 1897 \u2013 1969<\/a><br \/>\n<em>Salme Vannas<\/em><\/p>\n<p><strong>Publikation nummer 2<\/strong>\u00a0 1990.\u00a0<a class=\"bold-link\" href=\"https:\/\/www.silmasaatio.fi\/wpc\/uploads\/2024\/11\/silmasaatio-1960-1990.pdf\" target=\"_blank\" rel=\"noopener noreferrer\">Silm\u00e4s\u00e4\u00e4ti\u00f6 1960 \u2013 1990<\/a><br \/>\n<em>Sirkka M\u00e4kel\u00e4inen<\/em><\/p>\n<p><strong>Publikation nummer 3\u00a0\u00a0<\/strong>2008.\u00a0<a class=\"bold-link\" href=\"https:\/\/www.silmasaatio.fi\/wpc\/uploads\/2024\/11\/professori-signe-lofgrenin-palkintoapurahat-1987-2007.pdf\" target=\"_blank\" rel=\"noopener noreferrer\">Professori Signe L\u00f6fgrenin palkintoapurahat 1987 \u2013 2007<\/a>.<br \/>\n<em>Leila Laatikainen och Tero Kivel\u00e4<\/em><\/p>\n<p><strong>Publikation nummer 4<\/strong>\u00a0 2010.\u00a0<a class=\"bold-link\" href=\"https:\/\/www.silmasaatio.fi\/wpc\/uploads\/2024\/11\/silmasaatio-50-vuotta-vuodet-1990-2010.pdf\" target=\"_blank\" rel=\"noopener noreferrer\">Silm\u00e4s\u00e4\u00e4ti\u00f6 50 vuotta, vuodet 1990 \u2013 2010.<\/a><\/p>\n<p><strong>Publikation nummer 5<\/strong>\u00a0 2017.\u00a0<a class=\"bold-link\" href=\"https:\/\/www.silmasaatio.fi\/wpc\/uploads\/2024\/11\/Nro-8-2017.-John-Gustav-Lindberg-1881-1973-The-Discoverer-of-Exfoliation-Syndrome.pdf\" target=\"_blank\" rel=\"noopener noreferrer\">John Gustav Lindberg (1884 \u2013 1973), The Discoverer of Exfoliation Syndrome<\/a>.<br \/>\n<em>Ahti Tarkkanen och Tero Kivel\u00e4<\/em><\/p>\n","protected":false},"excerpt":{"rendered":"<p>Publikationer som publicerats i Silm\u00e4s\u00e4\u00e4ti\u00f6s publikationsserie Publikation nummer 1\u00a0 1987. Signe L\u00f6fgren 1897 \u2013 1969 Salme Vannas Publikation nummer 2\u00a0 1990.\u00a0Silm\u00e4s\u00e4\u00e4ti\u00f6 1960 \u2013 1990 Sirkka&#8230;<\/p>\n","protected":false},"author":1,"featured_media":0,"parent":481,"menu_order":0,"comment_status":"closed","ping_status":"closed","template":"","meta":{"footnotes":""},"class_list":["post-499","page","type-page","status-publish","hentry"],"yoast_head":"<!-- This site is optimized with the Yoast SEO plugin v27.2 - https:\/\/yoast.com\/product\/yoast-seo-wordpress\/ -->\n<title>Publikationer - Silm\u00e4s\u00e4\u00e4ti\u00f6<\/title>\n<meta name=\"robots\" content=\"index, follow, max-snippet:-1, max-image-preview:large, max-video-preview:-1\" \/>\n<link rel=\"canonical\" href=\"https:\/\/www.silmasaatio.fi\/sv\/silmasaatio\/publikationer\/\" \/>\n<meta property=\"og:locale\" content=\"sv_SE\" \/>\n<meta property=\"og:type\" content=\"article\" \/>\n<meta property=\"og:title\" content=\"Publikationer - Silm\u00e4s\u00e4\u00e4ti\u00f6\" \/>\n<meta property=\"og:description\" content=\"Publikationer som publicerats i Silm\u00e4s\u00e4\u00e4ti\u00f6s publikationsserie Publikation nummer 1\u00a0 1987. Signe L\u00f6fgren 1897 \u2013 1969 Salme Vannas Publikation nummer 2\u00a0 1990.\u00a0Silm\u00e4s\u00e4\u00e4ti\u00f6 1960 \u2013 1990 Sirkka...\" \/>\n<meta property=\"og:url\" content=\"https:\/\/www.silmasaatio.fi\/sv\/silmasaatio\/publikationer\/\" \/>\n<meta property=\"og:site_name\" content=\"Silm\u00e4s\u00e4\u00e4ti\u00f6\" \/>\n<meta property=\"article:modified_time\" content=\"2024-11-22T10:35:26+00:00\" \/>\n<meta property=\"og:image\" content=\"https:\/\/www.silmasaatio.fi\/wpc\/uploads\/2024\/11\/Some-FB-1200x630px.png\" \/>\n\t<meta property=\"og:image:width\" content=\"1200\" \/>\n\t<meta property=\"og:image:height\" content=\"630\" \/>\n\t<meta property=\"og:image:type\" content=\"image\/png\" \/>\n<meta name=\"twitter:card\" content=\"summary_large_image\" \/>\n<meta name=\"twitter:label1\" content=\"Est. reading time\" \/>\n\t<meta name=\"twitter:data1\" content=\"1 minute\" \/>\n<script type=\"application\/ld+json\" class=\"yoast-schema-graph\">{\"@context\":\"https:\/\/schema.org\",\"@graph\":[{\"@type\":\"WebPage\",\"@id\":\"https:\/\/www.silmasaatio.fi\/sv\/silmasaatio\/publikationer\/\",\"url\":\"https:\/\/www.silmasaatio.fi\/sv\/silmasaatio\/publikationer\/\",\"name\":\"Publikationer - Silm\u00e4s\u00e4\u00e4ti\u00f6\",\"isPartOf\":{\"@id\":\"https:\/\/www.silmasaatio.fi\/sv\/#website\"},\"datePublished\":\"2024-11-19T12:25:45+00:00\",\"dateModified\":\"2024-11-22T10:35:26+00:00\",\"breadcrumb\":{\"@id\":\"https:\/\/www.silmasaatio.fi\/sv\/silmasaatio\/publikationer\/#breadcrumb\"},\"inLanguage\":\"sv-SE\",\"potentialAction\":[{\"@type\":\"ReadAction\",\"target\":[\"https:\/\/www.silmasaatio.fi\/sv\/silmasaatio\/publikationer\/\"]}]},{\"@type\":\"BreadcrumbList\",\"@id\":\"https:\/\/www.silmasaatio.fi\/sv\/silmasaatio\/publikationer\/#breadcrumb\",\"itemListElement\":[{\"@type\":\"ListItem\",\"position\":1,\"name\":\"Etusivu\",\"item\":\"https:\/\/www.silmasaatio.fi\/sv\/\"},{\"@type\":\"ListItem\",\"position\":2,\"name\":\"Silm\u00e4s\u00e4\u00e4ti\u00f6\",\"item\":\"https:\/\/www.silmasaatio.fi\/sv\/silmasaatio\/\"},{\"@type\":\"ListItem\",\"position\":3,\"name\":\"Publikationer\"}]},{\"@type\":\"WebSite\",\"@id\":\"https:\/\/www.silmasaatio.fi\/sv\/#website\",\"url\":\"https:\/\/www.silmasaatio.fi\/sv\/\",\"name\":\"Silm\u00e4s\u00e4\u00e4ti\u00f6\",\"description\":\"Edist\u00e4mme ja tuemme silmien terveyteen liittyv\u00e4\u00e4 tieteellist\u00e4 tutkimusta\",\"publisher\":{\"@id\":\"https:\/\/www.silmasaatio.fi\/sv\/#organization\"},\"potentialAction\":[{\"@type\":\"SearchAction\",\"target\":{\"@type\":\"EntryPoint\",\"urlTemplate\":\"https:\/\/www.silmasaatio.fi\/sv\/?s={search_term_string}\"},\"query-input\":{\"@type\":\"PropertyValueSpecification\",\"valueRequired\":true,\"valueName\":\"search_term_string\"}}],\"inLanguage\":\"sv-SE\"},{\"@type\":\"Organization\",\"@id\":\"https:\/\/www.silmasaatio.fi\/sv\/#organization\",\"name\":\"Silm\u00e4s\u00e4\u00e4ti\u00f6\",\"url\":\"https:\/\/www.silmasaatio.fi\/sv\/\",\"logo\":{\"@type\":\"ImageObject\",\"inLanguage\":\"sv-SE\",\"@id\":\"https:\/\/www.silmasaatio.fi\/sv\/#\/schema\/logo\/image\/\",\"url\":\"https:\/\/www.silmasaatio.fi\/wpc\/uploads\/2024\/11\/favicon.png\",\"contentUrl\":\"https:\/\/www.silmasaatio.fi\/wpc\/uploads\/2024\/11\/favicon.png\",\"width\":512,\"height\":512,\"caption\":\"Silm\u00e4s\u00e4\u00e4ti\u00f6\"},\"image\":{\"@id\":\"https:\/\/www.silmasaatio.fi\/sv\/#\/schema\/logo\/image\/\"}}]}<\/script>\n<!-- \/ Yoast SEO plugin. -->","yoast_head_json":{"title":"Publikationer - Silm\u00e4s\u00e4\u00e4ti\u00f6","robots":{"index":"index","follow":"follow","max-snippet":"max-snippet:-1","max-image-preview":"max-image-preview:large","max-video-preview":"max-video-preview:-1"},"canonical":"https:\/\/www.silmasaatio.fi\/sv\/silmasaatio\/publikationer\/","og_locale":"sv_SE","og_type":"article","og_title":"Publikationer - Silm\u00e4s\u00e4\u00e4ti\u00f6","og_description":"Publikationer som publicerats i Silm\u00e4s\u00e4\u00e4ti\u00f6s publikationsserie Publikation nummer 1\u00a0 1987. Signe L\u00f6fgren 1897 \u2013 1969 Salme Vannas Publikation nummer 2\u00a0 1990.\u00a0Silm\u00e4s\u00e4\u00e4ti\u00f6 1960 \u2013 1990 Sirkka...","og_url":"https:\/\/www.silmasaatio.fi\/sv\/silmasaatio\/publikationer\/","og_site_name":"Silm\u00e4s\u00e4\u00e4ti\u00f6","article_modified_time":"2024-11-22T10:35:26+00:00","og_image":[{"width":1200,"height":630,"url":"https:\/\/www.silmasaatio.fi\/wpc\/uploads\/2024\/11\/Some-FB-1200x630px.png","type":"image\/png"}],"twitter_card":"summary_large_image","twitter_misc":{"Est. reading time":"1 minute"},"schema":{"@context":"https:\/\/schema.org","@graph":[{"@type":"WebPage","@id":"https:\/\/www.silmasaatio.fi\/sv\/silmasaatio\/publikationer\/","url":"https:\/\/www.silmasaatio.fi\/sv\/silmasaatio\/publikationer\/","name":"Publikationer - Silm\u00e4s\u00e4\u00e4ti\u00f6","isPartOf":{"@id":"https:\/\/www.silmasaatio.fi\/sv\/#website"},"datePublished":"2024-11-19T12:25:45+00:00","dateModified":"2024-11-22T10:35:26+00:00","breadcrumb":{"@id":"https:\/\/www.silmasaatio.fi\/sv\/silmasaatio\/publikationer\/#breadcrumb"},"inLanguage":"sv-SE","potentialAction":[{"@type":"ReadAction","target":["https:\/\/www.silmasaatio.fi\/sv\/silmasaatio\/publikationer\/"]}]},{"@type":"BreadcrumbList","@id":"https:\/\/www.silmasaatio.fi\/sv\/silmasaatio\/publikationer\/#breadcrumb","itemListElement":[{"@type":"ListItem","position":1,"name":"Etusivu","item":"https:\/\/www.silmasaatio.fi\/sv\/"},{"@type":"ListItem","position":2,"name":"Silm\u00e4s\u00e4\u00e4ti\u00f6","item":"https:\/\/www.silmasaatio.fi\/sv\/silmasaatio\/"},{"@type":"ListItem","position":3,"name":"Publikationer"}]},{"@type":"WebSite","@id":"https:\/\/www.silmasaatio.fi\/sv\/#website","url":"https:\/\/www.silmasaatio.fi\/sv\/","name":"Silm\u00e4s\u00e4\u00e4ti\u00f6","description":"Edist\u00e4mme ja tuemme silmien terveyteen liittyv\u00e4\u00e4 tieteellist\u00e4 tutkimusta","publisher":{"@id":"https:\/\/www.silmasaatio.fi\/sv\/#organization"},"potentialAction":[{"@type":"SearchAction","target":{"@type":"EntryPoint","urlTemplate":"https:\/\/www.silmasaatio.fi\/sv\/?s={search_term_string}"},"query-input":{"@type":"PropertyValueSpecification","valueRequired":true,"valueName":"search_term_string"}}],"inLanguage":"sv-SE"},{"@type":"Organization","@id":"https:\/\/www.silmasaatio.fi\/sv\/#organization","name":"Silm\u00e4s\u00e4\u00e4ti\u00f6","url":"https:\/\/www.silmasaatio.fi\/sv\/","logo":{"@type":"ImageObject","inLanguage":"sv-SE","@id":"https:\/\/www.silmasaatio.fi\/sv\/#\/schema\/logo\/image\/","url":"https:\/\/www.silmasaatio.fi\/wpc\/uploads\/2024\/11\/favicon.png","contentUrl":"https:\/\/www.silmasaatio.fi\/wpc\/uploads\/2024\/11\/favicon.png","width":512,"height":512,"caption":"Silm\u00e4s\u00e4\u00e4ti\u00f6"},"image":{"@id":"https:\/\/www.silmasaatio.fi\/sv\/#\/schema\/logo\/image\/"}}]}},"_links":{"self":[{"href":"https:\/\/www.silmasaatio.fi\/sv\/wp-json\/wp\/v2\/pages\/499","targetHints":{"allow":["GET"]}}],"collection":[{"href":"https:\/\/www.silmasaatio.fi\/sv\/wp-json\/wp\/v2\/pages"}],"about":[{"href":"https:\/\/www.silmasaatio.fi\/sv\/wp-json\/wp\/v2\/types\/page"}],"author":[{"embeddable":true,"href":"https:\/\/www.silmasaatio.fi\/sv\/wp-json\/wp\/v2\/users\/1"}],"replies":[{"embeddable":true,"href":"https:\/\/www.silmasaatio.fi\/sv\/wp-json\/wp\/v2\/comments?post=499"}],"version-history":[{"count":0,"href":"https:\/\/www.silmasaatio.fi\/sv\/wp-json\/wp\/v2\/pages\/499\/revisions"}],"up":[{"embeddable":true,"href":"https:\/\/www.silmasaatio.fi\/sv\/wp-json\/wp\/v2\/pages\/481"}],"wp:attachment":[{"href":"https:\/\/www.silmasaatio.fi\/sv\/wp-json\/wp\/v2\/media?parent=499"}],"curies":[{"name":"wp","href":"https:\/\/api.w.org\/{rel}","templated":true}]}}