{"id":516,"date":"2024-11-21T15:39:33","date_gmt":"2024-11-21T13:39:33","guid":{"rendered":"https:\/\/www.silmasaatio.fi\/silmasaatio\/mauno-vannas-medaljens-regler\/"},"modified":"2024-11-22T09:30:46","modified_gmt":"2024-11-22T07:30:46","slug":"mauno-vannas-medaljens-regler","status":"publish","type":"page","link":"https:\/\/www.silmasaatio.fi\/sv\/silmasaatio\/mauno-vannas-medaljens-regler\/","title":{"rendered":"Mauno Vannas -medaljens regler"},"content":{"rendered":"<h1>Mauno Vannas -medaljens regler<\/h1>\n<p>Godk\u00e4nd p\u00e5 styrelsens m\u00f6te 27.8.2015<\/p>\n<ol>\n<li>Silm\u00e4s\u00e4\u00e4ti\u00f6s Mauno Vannas-medalj \u00e4r utformad av bildskulpt\u00f6r Oskari Jauhiainen 1961 f\u00f6r att hedra Mauno Vannas 70-\u00e5rs dag och har pr\u00e4glats av Finlands \u00f6gonl\u00e4karf\u00f6rbund. P\u00e5 framsidan finns en relief p\u00e5 Mauno Vannas ingraverad och p\u00e5 baksidan hans motto \u201dNon vi sed arte\u201d (\u201dInte med kraft utan med kunskap\u201d) samt ett m\u00f6nster som symboliserar ljus och syn med en starrkniv som ligger p\u00e5 en hornhinna. Medaljen har f\u00f6rvaltats av Silm\u00e4s\u00e4\u00e4ti\u00f6 sedan 1969.<\/li>\n<li>Medaljen beviljas med minst fem (5) \u00e5rs mellanrum sedan 2016 till en inom \u00f6gonforskningen meriterad finl\u00e4ndsk eller utl\u00e4ndsk \u00f6gonl\u00e4kare.<\/li>\n<li>Vid \u00f6verl\u00e5telsetillf\u00e4llet av medaljen h\u00e5ller mottagaren av medaljen en minnesf\u00f6rel\u00e4sning om Mauno Vannas.<\/li>\n<li>Medaljen \u00f6verl\u00e5ts vid ett \u00f6verl\u00e5telsetillf\u00e4lle som ordnas av Silm\u00e4s\u00e4\u00e4ti\u00f6 eller i samband med Finlands \u00d6gonl\u00e4karf\u00f6renings m\u00f6te, om man varje g\u00e5ng kommer \u00f6verens om det med \u00d6gonl\u00e4karf\u00f6rbundet.<\/li>\n<li>Mottagaren av medaljen utses av Silm\u00e4s\u00e4\u00e4ti\u00f6s styrelse p\u00e5 basis av medaljutskottets f\u00f6rberedda f\u00f6redragande minst ett halvt \u00e5r innan \u00f6verl\u00e5telsen av medaljen. N\u00e4r man har kommit \u00f6verens om att \u00f6verl\u00e5ta medaljen i p\u00e5 Finlands \u00d6gonl\u00e4karef\u00f6rbunds m\u00f6te, kallas \u00d6gonl\u00e4karef\u00f6rbundets ordf\u00f6rande till medlem av utskottet.<\/li>\n<li>Medaljen \u00f6verl\u00e5ts av Silm\u00e4s\u00e4\u00e4ti\u00f6s styrelse eller styrelsens ordf\u00f6rande, tillsammans med Finlands \u00d6gonl\u00e4karf\u00f6rbunds ordf\u00f6rande n\u00e4r \u00f6verl\u00e5telsen sker i samband med \u00d6gonl\u00e4karf\u00f6rbundets m\u00f6te.<\/li>\n<li>Silm\u00e4s\u00e4\u00e4ti\u00f6 ers\u00e4tter rimliga rese- och \u00f6vernattningskostnader f\u00f6r mottagaren av medaljen.<\/li>\n<li>Till skillnad fr\u00e5n ovan kan medaljen p\u00e5 enh\u00e4lligt f\u00f6rslag av Silm\u00e4s\u00e4\u00e4ti\u00f6s styrelse beviljas f\u00f6r att hedra f\u00f6rtj\u00e4nstfullt arbete f\u00f6r Silm\u00e4s\u00e4\u00e4ti\u00f6s m\u00e5l. D\u00e5 \u00f6verl\u00e5ts medaljen p\u00e5 stiftelsens styrelsens m\u00f6te och dess mottagare h\u00e5ller inte n\u00e5gon minnesf\u00f6rel\u00e4sning eller f\u00e5r n\u00e5gon ers\u00e4ttning<\/li>\n<\/ol>\n","protected":false},"excerpt":{"rendered":"<p>Mauno Vannas -medaljens regler Godk\u00e4nd p\u00e5 styrelsens m\u00f6te 27.8.2015 Silm\u00e4s\u00e4\u00e4ti\u00f6s Mauno Vannas-medalj \u00e4r utformad av bildskulpt\u00f6r Oskari Jauhiainen 1961 f\u00f6r att hedra Mauno Vannas 70-\u00e5rs&#8230;<\/p>\n","protected":false},"author":1,"featured_media":0,"parent":481,"menu_order":0,"comment_status":"closed","ping_status":"closed","template":"","meta":{"footnotes":""},"class_list":["post-516","page","type-page","status-publish","hentry"],"yoast_head":"<!-- This site is optimized with the Yoast SEO plugin v27.2 - https:\/\/yoast.com\/product\/yoast-seo-wordpress\/ -->\n<title>Mauno Vannas -medaljens regler - Silm\u00e4s\u00e4\u00e4ti\u00f6<\/title>\n<meta name=\"robots\" content=\"index, follow, max-snippet:-1, max-image-preview:large, max-video-preview:-1\" \/>\n<link rel=\"canonical\" href=\"https:\/\/www.silmasaatio.fi\/sv\/silmasaatio\/mauno-vannas-medaljens-regler\/\" \/>\n<meta property=\"og:locale\" content=\"sv_SE\" \/>\n<meta property=\"og:type\" content=\"article\" \/>\n<meta property=\"og:title\" content=\"Mauno Vannas -medaljens regler - Silm\u00e4s\u00e4\u00e4ti\u00f6\" \/>\n<meta property=\"og:description\" content=\"Mauno Vannas -medaljens regler Godk\u00e4nd p\u00e5 styrelsens m\u00f6te 27.8.2015 Silm\u00e4s\u00e4\u00e4ti\u00f6s Mauno Vannas-medalj \u00e4r utformad av bildskulpt\u00f6r Oskari Jauhiainen 1961 f\u00f6r att hedra Mauno Vannas 70-\u00e5rs...\" \/>\n<meta property=\"og:url\" content=\"https:\/\/www.silmasaatio.fi\/sv\/silmasaatio\/mauno-vannas-medaljens-regler\/\" \/>\n<meta property=\"og:site_name\" content=\"Silm\u00e4s\u00e4\u00e4ti\u00f6\" \/>\n<meta property=\"article:modified_time\" content=\"2024-11-22T07:30:46+00:00\" \/>\n<meta property=\"og:image\" content=\"https:\/\/www.silmasaatio.fi\/wpc\/uploads\/2024\/11\/Some-FB-1200x630px.png\" \/>\n\t<meta property=\"og:image:width\" content=\"1200\" \/>\n\t<meta property=\"og:image:height\" content=\"630\" \/>\n\t<meta property=\"og:image:type\" content=\"image\/png\" \/>\n<meta name=\"twitter:card\" content=\"summary_large_image\" \/>\n<meta name=\"twitter:label1\" content=\"Est. reading time\" \/>\n\t<meta name=\"twitter:data1\" content=\"2 minutes\" \/>\n<script type=\"application\/ld+json\" class=\"yoast-schema-graph\">{\"@context\":\"https:\/\/schema.org\",\"@graph\":[{\"@type\":\"WebPage\",\"@id\":\"https:\/\/www.silmasaatio.fi\/sv\/silmasaatio\/mauno-vannas-medaljens-regler\/\",\"url\":\"https:\/\/www.silmasaatio.fi\/sv\/silmasaatio\/mauno-vannas-medaljens-regler\/\",\"name\":\"Mauno Vannas -medaljens regler - Silm\u00e4s\u00e4\u00e4ti\u00f6\",\"isPartOf\":{\"@id\":\"https:\/\/www.silmasaatio.fi\/sv\/#website\"},\"datePublished\":\"2024-11-21T13:39:33+00:00\",\"dateModified\":\"2024-11-22T07:30:46+00:00\",\"breadcrumb\":{\"@id\":\"https:\/\/www.silmasaatio.fi\/sv\/silmasaatio\/mauno-vannas-medaljens-regler\/#breadcrumb\"},\"inLanguage\":\"sv-SE\",\"potentialAction\":[{\"@type\":\"ReadAction\",\"target\":[\"https:\/\/www.silmasaatio.fi\/sv\/silmasaatio\/mauno-vannas-medaljens-regler\/\"]}]},{\"@type\":\"BreadcrumbList\",\"@id\":\"https:\/\/www.silmasaatio.fi\/sv\/silmasaatio\/mauno-vannas-medaljens-regler\/#breadcrumb\",\"itemListElement\":[{\"@type\":\"ListItem\",\"position\":1,\"name\":\"Etusivu\",\"item\":\"https:\/\/www.silmasaatio.fi\/sv\/\"},{\"@type\":\"ListItem\",\"position\":2,\"name\":\"Silm\u00e4s\u00e4\u00e4ti\u00f6\",\"item\":\"https:\/\/www.silmasaatio.fi\/sv\/silmasaatio\/\"},{\"@type\":\"ListItem\",\"position\":3,\"name\":\"Mauno Vannas -medaljens regler\"}]},{\"@type\":\"WebSite\",\"@id\":\"https:\/\/www.silmasaatio.fi\/sv\/#website\",\"url\":\"https:\/\/www.silmasaatio.fi\/sv\/\",\"name\":\"Silm\u00e4s\u00e4\u00e4ti\u00f6\",\"description\":\"Edist\u00e4mme ja tuemme silmien terveyteen liittyv\u00e4\u00e4 tieteellist\u00e4 tutkimusta\",\"publisher\":{\"@id\":\"https:\/\/www.silmasaatio.fi\/sv\/#organization\"},\"potentialAction\":[{\"@type\":\"SearchAction\",\"target\":{\"@type\":\"EntryPoint\",\"urlTemplate\":\"https:\/\/www.silmasaatio.fi\/sv\/?s={search_term_string}\"},\"query-input\":{\"@type\":\"PropertyValueSpecification\",\"valueRequired\":true,\"valueName\":\"search_term_string\"}}],\"inLanguage\":\"sv-SE\"},{\"@type\":\"Organization\",\"@id\":\"https:\/\/www.silmasaatio.fi\/sv\/#organization\",\"name\":\"Silm\u00e4s\u00e4\u00e4ti\u00f6\",\"url\":\"https:\/\/www.silmasaatio.fi\/sv\/\",\"logo\":{\"@type\":\"ImageObject\",\"inLanguage\":\"sv-SE\",\"@id\":\"https:\/\/www.silmasaatio.fi\/sv\/#\/schema\/logo\/image\/\",\"url\":\"https:\/\/www.silmasaatio.fi\/wpc\/uploads\/2024\/11\/favicon.png\",\"contentUrl\":\"https:\/\/www.silmasaatio.fi\/wpc\/uploads\/2024\/11\/favicon.png\",\"width\":512,\"height\":512,\"caption\":\"Silm\u00e4s\u00e4\u00e4ti\u00f6\"},\"image\":{\"@id\":\"https:\/\/www.silmasaatio.fi\/sv\/#\/schema\/logo\/image\/\"}}]}<\/script>\n<!-- \/ Yoast SEO plugin. -->","yoast_head_json":{"title":"Mauno Vannas -medaljens regler - Silm\u00e4s\u00e4\u00e4ti\u00f6","robots":{"index":"index","follow":"follow","max-snippet":"max-snippet:-1","max-image-preview":"max-image-preview:large","max-video-preview":"max-video-preview:-1"},"canonical":"https:\/\/www.silmasaatio.fi\/sv\/silmasaatio\/mauno-vannas-medaljens-regler\/","og_locale":"sv_SE","og_type":"article","og_title":"Mauno Vannas -medaljens regler - Silm\u00e4s\u00e4\u00e4ti\u00f6","og_description":"Mauno Vannas -medaljens regler Godk\u00e4nd p\u00e5 styrelsens m\u00f6te 27.8.2015 Silm\u00e4s\u00e4\u00e4ti\u00f6s Mauno Vannas-medalj \u00e4r utformad av bildskulpt\u00f6r Oskari Jauhiainen 1961 f\u00f6r att hedra Mauno Vannas 70-\u00e5rs...","og_url":"https:\/\/www.silmasaatio.fi\/sv\/silmasaatio\/mauno-vannas-medaljens-regler\/","og_site_name":"Silm\u00e4s\u00e4\u00e4ti\u00f6","article_modified_time":"2024-11-22T07:30:46+00:00","og_image":[{"width":1200,"height":630,"url":"https:\/\/www.silmasaatio.fi\/wpc\/uploads\/2024\/11\/Some-FB-1200x630px.png","type":"image\/png"}],"twitter_card":"summary_large_image","twitter_misc":{"Est. reading time":"2 minutes"},"schema":{"@context":"https:\/\/schema.org","@graph":[{"@type":"WebPage","@id":"https:\/\/www.silmasaatio.fi\/sv\/silmasaatio\/mauno-vannas-medaljens-regler\/","url":"https:\/\/www.silmasaatio.fi\/sv\/silmasaatio\/mauno-vannas-medaljens-regler\/","name":"Mauno Vannas -medaljens regler - Silm\u00e4s\u00e4\u00e4ti\u00f6","isPartOf":{"@id":"https:\/\/www.silmasaatio.fi\/sv\/#website"},"datePublished":"2024-11-21T13:39:33+00:00","dateModified":"2024-11-22T07:30:46+00:00","breadcrumb":{"@id":"https:\/\/www.silmasaatio.fi\/sv\/silmasaatio\/mauno-vannas-medaljens-regler\/#breadcrumb"},"inLanguage":"sv-SE","potentialAction":[{"@type":"ReadAction","target":["https:\/\/www.silmasaatio.fi\/sv\/silmasaatio\/mauno-vannas-medaljens-regler\/"]}]},{"@type":"BreadcrumbList","@id":"https:\/\/www.silmasaatio.fi\/sv\/silmasaatio\/mauno-vannas-medaljens-regler\/#breadcrumb","itemListElement":[{"@type":"ListItem","position":1,"name":"Etusivu","item":"https:\/\/www.silmasaatio.fi\/sv\/"},{"@type":"ListItem","position":2,"name":"Silm\u00e4s\u00e4\u00e4ti\u00f6","item":"https:\/\/www.silmasaatio.fi\/sv\/silmasaatio\/"},{"@type":"ListItem","position":3,"name":"Mauno Vannas -medaljens regler"}]},{"@type":"WebSite","@id":"https:\/\/www.silmasaatio.fi\/sv\/#website","url":"https:\/\/www.silmasaatio.fi\/sv\/","name":"Silm\u00e4s\u00e4\u00e4ti\u00f6","description":"Edist\u00e4mme ja tuemme silmien terveyteen liittyv\u00e4\u00e4 tieteellist\u00e4 tutkimusta","publisher":{"@id":"https:\/\/www.silmasaatio.fi\/sv\/#organization"},"potentialAction":[{"@type":"SearchAction","target":{"@type":"EntryPoint","urlTemplate":"https:\/\/www.silmasaatio.fi\/sv\/?s={search_term_string}"},"query-input":{"@type":"PropertyValueSpecification","valueRequired":true,"valueName":"search_term_string"}}],"inLanguage":"sv-SE"},{"@type":"Organization","@id":"https:\/\/www.silmasaatio.fi\/sv\/#organization","name":"Silm\u00e4s\u00e4\u00e4ti\u00f6","url":"https:\/\/www.silmasaatio.fi\/sv\/","logo":{"@type":"ImageObject","inLanguage":"sv-SE","@id":"https:\/\/www.silmasaatio.fi\/sv\/#\/schema\/logo\/image\/","url":"https:\/\/www.silmasaatio.fi\/wpc\/uploads\/2024\/11\/favicon.png","contentUrl":"https:\/\/www.silmasaatio.fi\/wpc\/uploads\/2024\/11\/favicon.png","width":512,"height":512,"caption":"Silm\u00e4s\u00e4\u00e4ti\u00f6"},"image":{"@id":"https:\/\/www.silmasaatio.fi\/sv\/#\/schema\/logo\/image\/"}}]}},"_links":{"self":[{"href":"https:\/\/www.silmasaatio.fi\/sv\/wp-json\/wp\/v2\/pages\/516","targetHints":{"allow":["GET"]}}],"collection":[{"href":"https:\/\/www.silmasaatio.fi\/sv\/wp-json\/wp\/v2\/pages"}],"about":[{"href":"https:\/\/www.silmasaatio.fi\/sv\/wp-json\/wp\/v2\/types\/page"}],"author":[{"embeddable":true,"href":"https:\/\/www.silmasaatio.fi\/sv\/wp-json\/wp\/v2\/users\/1"}],"replies":[{"embeddable":true,"href":"https:\/\/www.silmasaatio.fi\/sv\/wp-json\/wp\/v2\/comments?post=516"}],"version-history":[{"count":0,"href":"https:\/\/www.silmasaatio.fi\/sv\/wp-json\/wp\/v2\/pages\/516\/revisions"}],"up":[{"embeddable":true,"href":"https:\/\/www.silmasaatio.fi\/sv\/wp-json\/wp\/v2\/pages\/481"}],"wp:attachment":[{"href":"https:\/\/www.silmasaatio.fi\/sv\/wp-json\/wp\/v2\/media?parent=516"}],"curies":[{"name":"wp","href":"https:\/\/api.w.org\/{rel}","templated":true}]}}